{"id":11051,"date":"2023-08-29T14:48:39","date_gmt":"2023-08-29T13:48:39","guid":{"rendered":"https:\/\/baralivres.ma\/?post_type=product&#038;p=11051"},"modified":"2024-11-18T16:26:15","modified_gmt":"2024-11-18T15:26:15","slug":"blanche-neige-et-les-sept-nains","status":"publish","type":"product","link":"https:\/\/baralivres.ma\/?product=blanche-neige-et-les-sept-nains","title":{"rendered":"Blanche-Neige et les sept nains"},"content":{"rendered":"<p>Un jour, la Reine interroge son miroir magique qui lui r\u00e9pond que la plus belle du Royaume est dor\u00e9navant sa belle-fille, Blanche-Neige. Pour \u00e9chapper au funeste sort que lui r\u00e9serve sa m\u00e9chante mar\u00e2tre, la princesse se retrouve perdue dans la for\u00eat. Mais elle rencontre sept nains pr\u00eats \u00e0 veiller sur elle.<\/p>\n","protected":false},"excerpt":{"rendered":"<p>Un jour, la Reine interroge son miroir magique qui lui r\u00e9pond que la plus belle du Royaume est dor\u00e9navant sa belle-fille, Blanche-Neige. Pour \u00e9chapper au funeste sort que lui r\u00e9serve sa m\u00e9chante mar\u00e2tre, la princesse se retrouve perdue dans la for\u00eat. Mais elle rencontre sept nains pr\u00eats \u00e0 veiller sur elle.<\/p>\n","protected":false},"featured_media":11052,"comment_status":"open","ping_status":"closed","template":"","meta":{"inline_featured_image":false},"product_cat":[3877,199],"product_tag":[],"class_list":{"0":"post-11051","1":"product","2":"type-product","3":"status-publish","4":"has-post-thumbnail","6":"product_cat-les-histoires-francais","7":"product_cat-histoires","9":"first","10":"instock","11":"shipping-taxable","12":"purchasable","13":"product-type-simple"},"_links":{"self":[{"href":"https:\/\/baralivres.ma\/index.php?rest_route=\/wp\/v2\/product\/11051","targetHints":{"allow":["GET"]}}],"collection":[{"href":"https:\/\/baralivres.ma\/index.php?rest_route=\/wp\/v2\/product"}],"about":[{"href":"https:\/\/baralivres.ma\/index.php?rest_route=\/wp\/v2\/types\/product"}],"replies":[{"embeddable":true,"href":"https:\/\/baralivres.ma\/index.php?rest_route=%2Fwp%2Fv2%2Fcomments&post=11051"}],"version-history":[{"count":1,"href":"https:\/\/baralivres.ma\/index.php?rest_route=\/wp\/v2\/product\/11051\/revisions"}],"predecessor-version":[{"id":11053,"href":"https:\/\/baralivres.ma\/index.php?rest_route=\/wp\/v2\/product\/11051\/revisions\/11053"}],"wp:featuredmedia":[{"embeddable":true,"href":"https:\/\/baralivres.ma\/index.php?rest_route=\/wp\/v2\/media\/11052"}],"wp:attachment":[{"href":"https:\/\/baralivres.ma\/index.php?rest_route=%2Fwp%2Fv2%2Fmedia&parent=11051"}],"wp:term":[{"taxonomy":"product_cat","embeddable":true,"href":"https:\/\/baralivres.ma\/index.php?rest_route=%2Fwp%2Fv2%2Fproduct_cat&post=11051"},{"taxonomy":"product_tag","embeddable":true,"href":"https:\/\/baralivres.ma\/index.php?rest_route=%2Fwp%2Fv2%2Fproduct_tag&post=11051"}],"curies":[{"name":"wp","href":"https:\/\/api.w.org\/{rel}","templated":true}]}}