{"id":11048,"date":"2023-08-29T14:56:02","date_gmt":"2023-08-29T13:56:02","guid":{"rendered":"https:\/\/baralivres.ma\/?post_type=product&#038;p=11048"},"modified":"2024-11-18T16:25:26","modified_gmt":"2024-11-18T15:25:26","slug":"laventure-layton-katrielle-et-la-conspiration-des-millionnaires","status":"publish","type":"product","link":"https:\/\/baralivres.ma\/?product=laventure-layton-katrielle-et-la-conspiration-des-millionnaires","title":{"rendered":"L&rsquo;aventure Layton : Katrielle et la conspiration des millionnaires"},"content":{"rendered":"<p>Rejoins Katrielle et ses amis dans ce super livre d&rsquo;\u00e9nigmes ! Gr\u00e2ce aux casse-t\u00eate, aux sudokus, aux devinettes et autres puzzles, tu pourras aff\u00fbter ta logique et tes talents d&rsquo;observation. Seras-tu \u00e0 la hauteur de la meilleure enqu\u00eatrice de Londres ?<\/p>\n","protected":false},"excerpt":{"rendered":"<p>Dans la famille Layton, on r\u00e9sout des myst\u00e8res de p\u00e8re en fille. Rejoins Katrielle dans ce livre d&rsquo;\u00e9nigmes et utilise ta logique et ton intelligence pour devenir un super d\u00e9tective !<\/p>\n","protected":false},"featured_media":11057,"comment_status":"open","ping_status":"closed","template":"","meta":{"inline_featured_image":false},"product_cat":[3877,199,200],"product_tag":[],"class_list":{"0":"post-11048","1":"product","2":"type-product","3":"status-publish","4":"has-post-thumbnail","6":"product_cat-les-histoires-francais","7":"product_cat-histoires","8":"product_cat-activites","10":"first","11":"instock","12":"shipping-taxable","13":"purchasable","14":"product-type-simple"},"_links":{"self":[{"href":"https:\/\/baralivres.ma\/index.php?rest_route=\/wp\/v2\/product\/11048","targetHints":{"allow":["GET"]}}],"collection":[{"href":"https:\/\/baralivres.ma\/index.php?rest_route=\/wp\/v2\/product"}],"about":[{"href":"https:\/\/baralivres.ma\/index.php?rest_route=\/wp\/v2\/types\/product"}],"replies":[{"embeddable":true,"href":"https:\/\/baralivres.ma\/index.php?rest_route=%2Fwp%2Fv2%2Fcomments&post=11048"}],"version-history":[{"count":1,"href":"https:\/\/baralivres.ma\/index.php?rest_route=\/wp\/v2\/product\/11048\/revisions"}],"predecessor-version":[{"id":11058,"href":"https:\/\/baralivres.ma\/index.php?rest_route=\/wp\/v2\/product\/11048\/revisions\/11058"}],"wp:featuredmedia":[{"embeddable":true,"href":"https:\/\/baralivres.ma\/index.php?rest_route=\/wp\/v2\/media\/11057"}],"wp:attachment":[{"href":"https:\/\/baralivres.ma\/index.php?rest_route=%2Fwp%2Fv2%2Fmedia&parent=11048"}],"wp:term":[{"taxonomy":"product_cat","embeddable":true,"href":"https:\/\/baralivres.ma\/index.php?rest_route=%2Fwp%2Fv2%2Fproduct_cat&post=11048"},{"taxonomy":"product_tag","embeddable":true,"href":"https:\/\/baralivres.ma\/index.php?rest_route=%2Fwp%2Fv2%2Fproduct_tag&post=11048"}],"curies":[{"name":"wp","href":"https:\/\/api.w.org\/{rel}","templated":true}]}}