{"id":11041,"date":"2023-08-29T13:44:29","date_gmt":"2023-08-29T12:44:29","guid":{"rendered":"https:\/\/baralivres.ma\/?post_type=product&#038;p=11041"},"modified":"2024-11-18T16:27:14","modified_gmt":"2024-11-18T15:27:14","slug":"puzzles-feeriques-disney-princesses","status":"publish","type":"product","link":"https:\/\/baralivres.ma\/?product=puzzles-feeriques-disney-princesses","title":{"rendered":"Puzzles f\u00e9eriques Disney princesses"},"content":{"rendered":"<p>Les sc\u00e8nes f\u00e9eriques des films de Princesses Disney dans un livre puzzle grand format ! &#8211; 5 textes courts pour raconter des sc\u00e8nes mythiques des films : Cendrillon, La Petite Sir\u00e8ne, La Belle au Bois Dormant, Raiponce, Aladdin. &#8211; 5 puzzles de 30 pi\u00e8ces avec des effets \u00a0\u00bb magiques \u00a0\u00bb qui brillent de mille feux : paillettes, or, argent, fluo, fer holographique. D\u00e8s 4 ans.<\/p>\n","protected":false},"excerpt":{"rendered":"<p>Les sc\u00e8nes f\u00e9eriques des films de Princesses Disney dans un livre puzzle grand format ! &#8211; 5 textes courts pour raconter des sc\u00e8nes mythiques des films : Cendrillon, La Petite Sir\u00e8ne, La Belle au Bois Dormant, Raiponce, Aladdin. &#8211; 5 puzzles de 30 pi\u00e8ces avec des effets \u00a0\u00bb magiques \u00a0\u00bb qui brillent de mille feux [&hellip;]<\/p>\n","protected":false},"featured_media":11042,"comment_status":"open","ping_status":"closed","template":"","meta":{"inline_featured_image":false},"product_cat":[212,200],"product_tag":[],"class_list":{"0":"post-11041","1":"product","2":"type-product","3":"status-publish","4":"has-post-thumbnail","6":"product_cat-puzzle","7":"product_cat-activites","9":"first","10":"instock","11":"shipping-taxable","12":"purchasable","13":"product-type-simple"},"_links":{"self":[{"href":"https:\/\/baralivres.ma\/index.php?rest_route=\/wp\/v2\/product\/11041","targetHints":{"allow":["GET"]}}],"collection":[{"href":"https:\/\/baralivres.ma\/index.php?rest_route=\/wp\/v2\/product"}],"about":[{"href":"https:\/\/baralivres.ma\/index.php?rest_route=\/wp\/v2\/types\/product"}],"replies":[{"embeddable":true,"href":"https:\/\/baralivres.ma\/index.php?rest_route=%2Fwp%2Fv2%2Fcomments&post=11041"}],"version-history":[{"count":1,"href":"https:\/\/baralivres.ma\/index.php?rest_route=\/wp\/v2\/product\/11041\/revisions"}],"predecessor-version":[{"id":11043,"href":"https:\/\/baralivres.ma\/index.php?rest_route=\/wp\/v2\/product\/11041\/revisions\/11043"}],"wp:featuredmedia":[{"embeddable":true,"href":"https:\/\/baralivres.ma\/index.php?rest_route=\/wp\/v2\/media\/11042"}],"wp:attachment":[{"href":"https:\/\/baralivres.ma\/index.php?rest_route=%2Fwp%2Fv2%2Fmedia&parent=11041"}],"wp:term":[{"taxonomy":"product_cat","embeddable":true,"href":"https:\/\/baralivres.ma\/index.php?rest_route=%2Fwp%2Fv2%2Fproduct_cat&post=11041"},{"taxonomy":"product_tag","embeddable":true,"href":"https:\/\/baralivres.ma\/index.php?rest_route=%2Fwp%2Fv2%2Fproduct_tag&post=11041"}],"curies":[{"name":"wp","href":"https:\/\/api.w.org\/{rel}","templated":true}]}}