{"id":11035,"date":"2023-08-29T13:37:55","date_gmt":"2023-08-29T12:37:55","guid":{"rendered":"https:\/\/baralivres.ma\/?post_type=product&#038;p=11035"},"modified":"2025-04-24T17:54:00","modified_gmt":"2025-04-24T16:54:00","slug":"disney-mon-petit-livre-puzzle","status":"publish","type":"product","link":"https:\/\/baralivres.ma\/?product=disney-mon-petit-livre-puzzle","title":{"rendered":"Mon petit livre puzzle &#8211; Disney"},"content":{"rendered":"<p>Des livres ludiques destin\u00e9s aux tout-petits contenant 5 puzzles de 9 pi\u00e8ces chacun pour entrer dans l\u2019univers fabuleux des histoires Disney. Dans cet ouvrage tout- carton, l\u2019enfant pourra d\u00e9couvrir une histoire \u00e0 l\u2019aide d\u2019un parent puis manipuler les puzzles pour recomposer les sc\u00e8nes qu\u2019il a pr\u00e9f\u00e9r\u00e9 des grands classiques Disney.<\/p>\n","protected":false},"excerpt":{"rendered":"<p>Retrouve tes personnages Disney pr\u00e9f\u00e9r\u00e9s dans ce petit livre puzzle. Lis le texte en page de gauche et assemble les 5 puzzles de droite.<\/p>\n","protected":false},"featured_media":11036,"comment_status":"open","ping_status":"closed","template":"","meta":{"inline_featured_image":false},"product_cat":[212,200],"product_tag":[],"class_list":{"0":"post-11035","1":"product","2":"type-product","3":"status-publish","4":"has-post-thumbnail","6":"product_cat-puzzle","7":"product_cat-activites","9":"first","10":"instock","11":"shipping-taxable","12":"purchasable","13":"product-type-simple"},"_links":{"self":[{"href":"https:\/\/baralivres.ma\/index.php?rest_route=\/wp\/v2\/product\/11035","targetHints":{"allow":["GET"]}}],"collection":[{"href":"https:\/\/baralivres.ma\/index.php?rest_route=\/wp\/v2\/product"}],"about":[{"href":"https:\/\/baralivres.ma\/index.php?rest_route=\/wp\/v2\/types\/product"}],"replies":[{"embeddable":true,"href":"https:\/\/baralivres.ma\/index.php?rest_route=%2Fwp%2Fv2%2Fcomments&post=11035"}],"version-history":[{"count":4,"href":"https:\/\/baralivres.ma\/index.php?rest_route=\/wp\/v2\/product\/11035\/revisions"}],"predecessor-version":[{"id":23674,"href":"https:\/\/baralivres.ma\/index.php?rest_route=\/wp\/v2\/product\/11035\/revisions\/23674"}],"wp:featuredmedia":[{"embeddable":true,"href":"https:\/\/baralivres.ma\/index.php?rest_route=\/wp\/v2\/media\/11036"}],"wp:attachment":[{"href":"https:\/\/baralivres.ma\/index.php?rest_route=%2Fwp%2Fv2%2Fmedia&parent=11035"}],"wp:term":[{"taxonomy":"product_cat","embeddable":true,"href":"https:\/\/baralivres.ma\/index.php?rest_route=%2Fwp%2Fv2%2Fproduct_cat&post=11035"},{"taxonomy":"product_tag","embeddable":true,"href":"https:\/\/baralivres.ma\/index.php?rest_route=%2Fwp%2Fv2%2Fproduct_tag&post=11035"}],"curies":[{"name":"wp","href":"https:\/\/api.w.org\/{rel}","templated":true}]}}