{"id":11031,"date":"2023-08-29T13:33:02","date_gmt":"2023-08-29T12:33:02","guid":{"rendered":"https:\/\/baralivres.ma\/?post_type=product&#038;p=11031"},"modified":"2025-04-25T09:11:42","modified_gmt":"2025-04-25T08:11:42","slug":"mon-petit-livre-puzzle-disney-les-vehicules","status":"publish","type":"product","link":"https:\/\/baralivres.ma\/?product=mon-petit-livre-puzzle-disney-les-vehicules","title":{"rendered":"Mon petit livre puzzle &#8211; Les v\u00e9hicules"},"content":{"rendered":"<p>Retrouvez les h\u00e9ros Disney Pixar au volant de leurs bolides gr\u00e2ce \u00e0 ce livre contenant 5 puzzles de 9 pi\u00e8ces, \u00e0 faire et \u00e0 refaire \u00e0 l&rsquo;infini ! &#8211; 5 courtes sc\u00e8nes \u00e0 lire, accompagn\u00e9es chacune d&rsquo;un puzzle \u00e0 faire par l&rsquo;enfant. &#8211; Une formule de fabrication pens\u00e9e pour les tout-petits : des coins ronds et des pi\u00e8ces de puzzle bien \u00e9paisses, r\u00e9sistantes \u00e0 tous les chocs ! D\u00e8s 3 ans.<\/p>\n","protected":false},"excerpt":{"rendered":"<p>5 courtes sc\u00e8nes \u00e0 lire, accompagn\u00e9es chacune d\u2019un puzzle \u00e0 faire par l\u2019enfant.<\/p>\n","protected":false},"featured_media":11032,"comment_status":"open","ping_status":"closed","template":"","meta":{"inline_featured_image":false},"product_cat":[212,200],"product_tag":[],"class_list":{"0":"post-11031","1":"product","2":"type-product","3":"status-publish","4":"has-post-thumbnail","6":"product_cat-puzzle","7":"product_cat-activites","9":"first","10":"instock","11":"shipping-taxable","12":"purchasable","13":"product-type-simple"},"_links":{"self":[{"href":"https:\/\/baralivres.ma\/index.php?rest_route=\/wp\/v2\/product\/11031","targetHints":{"allow":["GET"]}}],"collection":[{"href":"https:\/\/baralivres.ma\/index.php?rest_route=\/wp\/v2\/product"}],"about":[{"href":"https:\/\/baralivres.ma\/index.php?rest_route=\/wp\/v2\/types\/product"}],"replies":[{"embeddable":true,"href":"https:\/\/baralivres.ma\/index.php?rest_route=%2Fwp%2Fv2%2Fcomments&post=11031"}],"version-history":[{"count":2,"href":"https:\/\/baralivres.ma\/index.php?rest_route=\/wp\/v2\/product\/11031\/revisions"}],"predecessor-version":[{"id":23675,"href":"https:\/\/baralivres.ma\/index.php?rest_route=\/wp\/v2\/product\/11031\/revisions\/23675"}],"wp:featuredmedia":[{"embeddable":true,"href":"https:\/\/baralivres.ma\/index.php?rest_route=\/wp\/v2\/media\/11032"}],"wp:attachment":[{"href":"https:\/\/baralivres.ma\/index.php?rest_route=%2Fwp%2Fv2%2Fmedia&parent=11031"}],"wp:term":[{"taxonomy":"product_cat","embeddable":true,"href":"https:\/\/baralivres.ma\/index.php?rest_route=%2Fwp%2Fv2%2Fproduct_cat&post=11031"},{"taxonomy":"product_tag","embeddable":true,"href":"https:\/\/baralivres.ma\/index.php?rest_route=%2Fwp%2Fv2%2Fproduct_tag&post=11031"}],"curies":[{"name":"wp","href":"https:\/\/api.w.org\/{rel}","templated":true}]}}