{"id":11018,"date":"2023-08-29T13:17:28","date_gmt":"2023-08-29T12:17:28","guid":{"rendered":"https:\/\/baralivres.ma\/?post_type=product&#038;p=11018"},"modified":"2024-10-29T13:15:33","modified_gmt":"2024-10-29T12:15:33","slug":"coffret-5-minutes-pour-sendormir-star-wars","status":"publish","type":"product","link":"https:\/\/baralivres.ma\/?product=coffret-5-minutes-pour-sendormir-star-wars","title":{"rendered":"Coffret 5 minutes pour s&rsquo;endormir Star Wars"},"content":{"rendered":"<p>Partagez un moment convivial et plein d&rsquo;aventures avec votre enfant au moment du coucher gr\u00e2ce \u00e0 ce coffret cadeau. Vous y trouverez un recueil des histoires de la fantastique saga Star Wars \u00e0 lire en 5 minutes pour accompagner votre enfant avec tendresse au pays des r\u00eaves, et une lampe de poche magique qui permet de projeter des images en couleurs au plafond ou au mur de sa chambre gr\u00e2ce aux disques \u00e0 emboiter<\/p>\n","protected":false},"excerpt":{"rendered":"<p>Partagez un moment convivial et plein d&rsquo;aventures avec votre enfant au moment du coucher gr\u00e2ce \u00e0 ce coffret cadeau.<\/p>\n","protected":false},"featured_media":11019,"comment_status":"open","ping_status":"closed","template":"","meta":{"inline_featured_image":false},"product_cat":[3875,201,200],"product_tag":[],"class_list":{"0":"post-11018","1":"product","2":"type-product","3":"status-publish","4":"has-post-thumbnail","6":"product_cat-coffret-francais","7":"product_cat-coffret","8":"product_cat-activites","10":"first","11":"instock","12":"shipping-taxable","13":"purchasable","14":"product-type-simple"},"_links":{"self":[{"href":"https:\/\/baralivres.ma\/index.php?rest_route=\/wp\/v2\/product\/11018","targetHints":{"allow":["GET"]}}],"collection":[{"href":"https:\/\/baralivres.ma\/index.php?rest_route=\/wp\/v2\/product"}],"about":[{"href":"https:\/\/baralivres.ma\/index.php?rest_route=\/wp\/v2\/types\/product"}],"replies":[{"embeddable":true,"href":"https:\/\/baralivres.ma\/index.php?rest_route=%2Fwp%2Fv2%2Fcomments&post=11018"}],"version-history":[{"count":2,"href":"https:\/\/baralivres.ma\/index.php?rest_route=\/wp\/v2\/product\/11018\/revisions"}],"predecessor-version":[{"id":11021,"href":"https:\/\/baralivres.ma\/index.php?rest_route=\/wp\/v2\/product\/11018\/revisions\/11021"}],"wp:featuredmedia":[{"embeddable":true,"href":"https:\/\/baralivres.ma\/index.php?rest_route=\/wp\/v2\/media\/11019"}],"wp:attachment":[{"href":"https:\/\/baralivres.ma\/index.php?rest_route=%2Fwp%2Fv2%2Fmedia&parent=11018"}],"wp:term":[{"taxonomy":"product_cat","embeddable":true,"href":"https:\/\/baralivres.ma\/index.php?rest_route=%2Fwp%2Fv2%2Fproduct_cat&post=11018"},{"taxonomy":"product_tag","embeddable":true,"href":"https:\/\/baralivres.ma\/index.php?rest_route=%2Fwp%2Fv2%2Fproduct_tag&post=11018"}],"curies":[{"name":"wp","href":"https:\/\/api.w.org\/{rel}","templated":true}]}}