{"id":11012,"date":"2023-08-29T13:08:54","date_gmt":"2023-08-29T12:08:54","guid":{"rendered":"https:\/\/baralivres.ma\/?post_type=product&#038;p=11012"},"modified":"2024-10-29T13:15:58","modified_gmt":"2024-10-29T12:15:58","slug":"quiz-et-defis-disney","status":"publish","type":"product","link":"https:\/\/baralivres.ma\/?product=quiz-et-defis-disney","title":{"rendered":"Quiz et d\u00e9fis ! Disney"},"content":{"rendered":"<p>&#8211; Des questions pour tester ses connaissances sur tous les films Disney et Pixar, class\u00e9es en 4 cat\u00e9gories : Princesses &amp; H\u00e9ro\u00efnes ; Aventure et H\u00e9ros ; Animaux ; M\u00e9chants.<br \/>\n&#8211; Des cartes de d\u00e9fis \u00e0 relever pour bouger, rire et cr\u00e9er !<br \/>\n&#8211; Une bo\u00eete pour jouer avec ses enfants.<\/p>\n","protected":false},"excerpt":{"rendered":"<p>Joue en famille ou entre amis et deviens incollable sur tous les univers Disney. Princesses, h\u00e9ros, aventures, animaux, m\u00e9chants&#8230; tout pour vivre des parties de jeu qui promettent beaucoup de fous rires et de cr\u00e9ativit\u00e9.<\/p>\n","protected":false},"featured_media":11013,"comment_status":"open","ping_status":"closed","template":"","meta":{"inline_featured_image":false},"product_cat":[3875,201,200],"product_tag":[],"class_list":{"0":"post-11012","1":"product","2":"type-product","3":"status-publish","4":"has-post-thumbnail","6":"product_cat-coffret-francais","7":"product_cat-coffret","8":"product_cat-activites","10":"first","11":"instock","12":"shipping-taxable","13":"purchasable","14":"product-type-simple"},"_links":{"self":[{"href":"https:\/\/baralivres.ma\/index.php?rest_route=\/wp\/v2\/product\/11012","targetHints":{"allow":["GET"]}}],"collection":[{"href":"https:\/\/baralivres.ma\/index.php?rest_route=\/wp\/v2\/product"}],"about":[{"href":"https:\/\/baralivres.ma\/index.php?rest_route=\/wp\/v2\/types\/product"}],"replies":[{"embeddable":true,"href":"https:\/\/baralivres.ma\/index.php?rest_route=%2Fwp%2Fv2%2Fcomments&post=11012"}],"version-history":[{"count":1,"href":"https:\/\/baralivres.ma\/index.php?rest_route=\/wp\/v2\/product\/11012\/revisions"}],"predecessor-version":[{"id":11014,"href":"https:\/\/baralivres.ma\/index.php?rest_route=\/wp\/v2\/product\/11012\/revisions\/11014"}],"wp:featuredmedia":[{"embeddable":true,"href":"https:\/\/baralivres.ma\/index.php?rest_route=\/wp\/v2\/media\/11013"}],"wp:attachment":[{"href":"https:\/\/baralivres.ma\/index.php?rest_route=%2Fwp%2Fv2%2Fmedia&parent=11012"}],"wp:term":[{"taxonomy":"product_cat","embeddable":true,"href":"https:\/\/baralivres.ma\/index.php?rest_route=%2Fwp%2Fv2%2Fproduct_cat&post=11012"},{"taxonomy":"product_tag","embeddable":true,"href":"https:\/\/baralivres.ma\/index.php?rest_route=%2Fwp%2Fv2%2Fproduct_tag&post=11012"}],"curies":[{"name":"wp","href":"https:\/\/api.w.org\/{rel}","templated":true}]}}