{"id":11007,"date":"2023-08-29T13:02:09","date_gmt":"2023-08-29T12:02:09","guid":{"rendered":"https:\/\/baralivres.ma\/?post_type=product&#038;p=11007"},"modified":"2024-10-29T13:16:30","modified_gmt":"2024-10-29T12:16:30","slug":"11007","status":"publish","type":"product","link":"https:\/\/baralivres.ma\/?product=11007","title":{"rendered":"Bo\u00eete Japan expo quiz"},"content":{"rendered":"<p>Bienvenue \u00e0 Japan Expo!<br \/>\nComme tous les ans le festival Japan Expo ouvre ses portes ! Mais cette ann\u00e9e vous voil\u00e0 investi d&rsquo;une mission sp\u00e9ciale : Devenir le champion de Japan Expo !<br \/>\nAlors r\u00e9pondez aux questions sur la culture japonaise (manga, anime, jeu vid\u00e9o, etc.), r\u00e9coltez les tampons diss\u00e9min\u00e9s aux quatre coins du festival et devenez le champion ultime !1 plateau de jeu300 questions6 cat\u00e9gories1 livret avec toutes les r\u00e9ponses d\u00e9taill\u00e9es !<\/p>\n","protected":false},"excerpt":{"rendered":"<p>Comme tous les ans le festival Japan Expo ouvre ses portes ! Mais cette ann\u00e9e vous voil\u00e0 investi d\u2019une mission sp\u00e9ciale : Devenir le champion de Japan Expo !!<\/p>\n","protected":false},"featured_media":11008,"comment_status":"open","ping_status":"closed","template":"","meta":{"inline_featured_image":false},"product_cat":[3875,201,200],"product_tag":[],"class_list":{"0":"post-11007","1":"product","2":"type-product","3":"status-publish","4":"has-post-thumbnail","6":"product_cat-coffret-francais","7":"product_cat-coffret","8":"product_cat-activites","10":"first","11":"instock","12":"shipping-taxable","13":"purchasable","14":"product-type-simple"},"_links":{"self":[{"href":"https:\/\/baralivres.ma\/index.php?rest_route=\/wp\/v2\/product\/11007","targetHints":{"allow":["GET"]}}],"collection":[{"href":"https:\/\/baralivres.ma\/index.php?rest_route=\/wp\/v2\/product"}],"about":[{"href":"https:\/\/baralivres.ma\/index.php?rest_route=\/wp\/v2\/types\/product"}],"replies":[{"embeddable":true,"href":"https:\/\/baralivres.ma\/index.php?rest_route=%2Fwp%2Fv2%2Fcomments&post=11007"}],"version-history":[{"count":3,"href":"https:\/\/baralivres.ma\/index.php?rest_route=\/wp\/v2\/product\/11007\/revisions"}],"predecessor-version":[{"id":11011,"href":"https:\/\/baralivres.ma\/index.php?rest_route=\/wp\/v2\/product\/11007\/revisions\/11011"}],"wp:featuredmedia":[{"embeddable":true,"href":"https:\/\/baralivres.ma\/index.php?rest_route=\/wp\/v2\/media\/11008"}],"wp:attachment":[{"href":"https:\/\/baralivres.ma\/index.php?rest_route=%2Fwp%2Fv2%2Fmedia&parent=11007"}],"wp:term":[{"taxonomy":"product_cat","embeddable":true,"href":"https:\/\/baralivres.ma\/index.php?rest_route=%2Fwp%2Fv2%2Fproduct_cat&post=11007"},{"taxonomy":"product_tag","embeddable":true,"href":"https:\/\/baralivres.ma\/index.php?rest_route=%2Fwp%2Fv2%2Fproduct_tag&post=11007"}],"curies":[{"name":"wp","href":"https:\/\/api.w.org\/{rel}","templated":true}]}}