{"id":11001,"date":"2023-08-29T12:55:58","date_gmt":"2023-08-29T11:55:58","guid":{"rendered":"https:\/\/baralivres.ma\/?post_type=product&#038;p=11001"},"modified":"2024-10-29T13:17:37","modified_gmt":"2024-10-29T12:17:37","slug":"la-boite-a-questions-special-5-6-ans","status":"publish","type":"product","link":"https:\/\/baralivres.ma\/?product=la-boite-a-questions-special-5-6-ans","title":{"rendered":"La bo\u00eete \u00e0 questions sp\u00e9cial 5\/6 ans"},"content":{"rendered":"<p><span class=\"ant-typography sc-1x33as3-4 gyzqdH\">En classe, tu apprends plein de choses ! Mais, en dehors de l&rsquo;\u00e9cole, es-tu cap de r\u00e9pondre \u00e0 des questions passionnantes sur les calculs, l&rsquo;orthographe, les sciences, les langues, le sport ou l&rsquo;espace et le temps ? Rel\u00e8ve le d\u00e9fi et joue avec tes amis. Ensemble, vous d\u00e9couvrirez plus de 150 questions pour tester vos connaissances et vous amuser.<\/span><\/p>\n","protected":false},"excerpt":{"rendered":"<p>Un jeu pour r\u00e9viser ses connaissances avec ses parents ou ses copains de classe.<\/p>\n","protected":false},"featured_media":11002,"comment_status":"open","ping_status":"closed","template":"","meta":{"inline_featured_image":false},"product_cat":[3875,201,200],"product_tag":[],"class_list":{"0":"post-11001","1":"product","2":"type-product","3":"status-publish","4":"has-post-thumbnail","6":"product_cat-coffret-francais","7":"product_cat-coffret","8":"product_cat-activites","10":"first","11":"instock","12":"shipping-taxable","13":"purchasable","14":"product-type-simple"},"_links":{"self":[{"href":"https:\/\/baralivres.ma\/index.php?rest_route=\/wp\/v2\/product\/11001","targetHints":{"allow":["GET"]}}],"collection":[{"href":"https:\/\/baralivres.ma\/index.php?rest_route=\/wp\/v2\/product"}],"about":[{"href":"https:\/\/baralivres.ma\/index.php?rest_route=\/wp\/v2\/types\/product"}],"replies":[{"embeddable":true,"href":"https:\/\/baralivres.ma\/index.php?rest_route=%2Fwp%2Fv2%2Fcomments&post=11001"}],"version-history":[{"count":1,"href":"https:\/\/baralivres.ma\/index.php?rest_route=\/wp\/v2\/product\/11001\/revisions"}],"predecessor-version":[{"id":11003,"href":"https:\/\/baralivres.ma\/index.php?rest_route=\/wp\/v2\/product\/11001\/revisions\/11003"}],"wp:featuredmedia":[{"embeddable":true,"href":"https:\/\/baralivres.ma\/index.php?rest_route=\/wp\/v2\/media\/11002"}],"wp:attachment":[{"href":"https:\/\/baralivres.ma\/index.php?rest_route=%2Fwp%2Fv2%2Fmedia&parent=11001"}],"wp:term":[{"taxonomy":"product_cat","embeddable":true,"href":"https:\/\/baralivres.ma\/index.php?rest_route=%2Fwp%2Fv2%2Fproduct_cat&post=11001"},{"taxonomy":"product_tag","embeddable":true,"href":"https:\/\/baralivres.ma\/index.php?rest_route=%2Fwp%2Fv2%2Fproduct_tag&post=11001"}],"curies":[{"name":"wp","href":"https:\/\/api.w.org\/{rel}","templated":true}]}}