{"id":10998,"date":"2023-08-29T12:51:28","date_gmt":"2023-08-29T11:51:28","guid":{"rendered":"https:\/\/baralivres.ma\/?post_type=product&#038;p=10998"},"modified":"2024-10-29T13:19:29","modified_gmt":"2024-10-29T12:19:29","slug":"la-boite-a-questions-100-copines","status":"publish","type":"product","link":"https:\/\/baralivres.ma\/?product=la-boite-a-questions-100-copines","title":{"rendered":"La boite \u00e0 questions &#8211; 100% copines"},"content":{"rendered":"<p>Si tu veux passer un moment inoubliable entre copines, cette bo\u00eete est pour toi !\u00a0Tu y trouveras 156 questions 100 % COPINES \u00a0: des \u00e9nigmes, des blagues, des devinettes, des secrets \u00e0 \u00e9changer&#8230; et m\u00eame des d\u00e9fis \u00e0 r\u00e9ussir pour gagner encore plus de points.\u00a0Contient 78 cartes (2 questions par carte) + 1 livret contenant les r\u00e8gles du jeu, les r\u00e9ponses aux questions et des pages libres pour y inscrire les scores.<\/p>\n","protected":false},"excerpt":{"rendered":"<p>Si tu veux passer un moment inoubliable entre copines, cette bo\u00eete est pour toi !\u00a0Tu y trouveras 156 questions 100 % COPINES \u00a0: des \u00e9nigmes, des blagues, des devinettes, des secrets \u00e0 \u00e9changer&#8230; et m\u00eame des d\u00e9fis \u00e0 r\u00e9ussir pour gagner encore plus de points.\u00a0Contient 78 cartes (2 questions par carte) + 1 livret contenant [&hellip;]<\/p>\n","protected":false},"featured_media":10999,"comment_status":"open","ping_status":"closed","template":"","meta":{"inline_featured_image":false},"product_cat":[3875,201,200],"product_tag":[],"class_list":{"0":"post-10998","1":"product","2":"type-product","3":"status-publish","4":"has-post-thumbnail","6":"product_cat-coffret-francais","7":"product_cat-coffret","8":"product_cat-activites","10":"first","11":"instock","12":"shipping-taxable","13":"purchasable","14":"product-type-simple"},"_links":{"self":[{"href":"https:\/\/baralivres.ma\/index.php?rest_route=\/wp\/v2\/product\/10998","targetHints":{"allow":["GET"]}}],"collection":[{"href":"https:\/\/baralivres.ma\/index.php?rest_route=\/wp\/v2\/product"}],"about":[{"href":"https:\/\/baralivres.ma\/index.php?rest_route=\/wp\/v2\/types\/product"}],"replies":[{"embeddable":true,"href":"https:\/\/baralivres.ma\/index.php?rest_route=%2Fwp%2Fv2%2Fcomments&post=10998"}],"version-history":[{"count":1,"href":"https:\/\/baralivres.ma\/index.php?rest_route=\/wp\/v2\/product\/10998\/revisions"}],"predecessor-version":[{"id":11000,"href":"https:\/\/baralivres.ma\/index.php?rest_route=\/wp\/v2\/product\/10998\/revisions\/11000"}],"wp:featuredmedia":[{"embeddable":true,"href":"https:\/\/baralivres.ma\/index.php?rest_route=\/wp\/v2\/media\/10999"}],"wp:attachment":[{"href":"https:\/\/baralivres.ma\/index.php?rest_route=%2Fwp%2Fv2%2Fmedia&parent=10998"}],"wp:term":[{"taxonomy":"product_cat","embeddable":true,"href":"https:\/\/baralivres.ma\/index.php?rest_route=%2Fwp%2Fv2%2Fproduct_cat&post=10998"},{"taxonomy":"product_tag","embeddable":true,"href":"https:\/\/baralivres.ma\/index.php?rest_route=%2Fwp%2Fv2%2Fproduct_tag&post=10998"}],"curies":[{"name":"wp","href":"https:\/\/api.w.org\/{rel}","templated":true}]}}