{"id":10995,"date":"2023-08-29T12:48:19","date_gmt":"2023-08-29T11:48:19","guid":{"rendered":"https:\/\/baralivres.ma\/?post_type=product&#038;p=10995"},"modified":"2026-03-10T10:08:34","modified_gmt":"2026-03-10T09:08:34","slug":"calculo-domino-tables-de-multiplication","status":"publish","type":"product","link":"https:\/\/baralivres.ma\/?product=calculo-domino-tables-de-multiplication","title":{"rendered":"Calculo domino &#8211; Tables de multiplication"},"content":{"rendered":"<p>Dans ce coffret, tu trouveras 72 dominos avec des multiplications \u00e0 r\u00e9aliser et 3 niveaux de difficult\u00e9. Trouve les r\u00e9sultats des op\u00e9rations et combine les dominos entre eux. Si les couleurs des bords des deux dominos co\u00efncident, ton calcul est bon ! Rel\u00e8ve le d\u00e9fi seul(e) ou affronte d&rsquo;autres joueurs !<\/p>\n","protected":false},"excerpt":{"rendered":"<p>Un jeu de 72 dominos pour jouer et reviser ses tables de multiplication. Gr\u00e2ce \u00e0 un syst\u00e8me de demi points color\u00e9s qui s&rsquo;accordent en cas de bonne r\u00e9ponse, l&rsquo;enfant peut jouer seul. Un jeu simple, efficace et utile !<\/p>\n","protected":false},"featured_media":10996,"comment_status":"open","ping_status":"closed","template":"","meta":{"inline_featured_image":false},"product_cat":[3875,201,200],"product_tag":[],"class_list":{"0":"post-10995","1":"product","2":"type-product","3":"status-publish","4":"has-post-thumbnail","6":"product_cat-coffret-francais","7":"product_cat-coffret","8":"product_cat-activites","10":"first","11":"outofstock","12":"shipping-taxable","13":"purchasable","14":"product-type-simple"},"_links":{"self":[{"href":"https:\/\/baralivres.ma\/index.php?rest_route=\/wp\/v2\/product\/10995","targetHints":{"allow":["GET"]}}],"collection":[{"href":"https:\/\/baralivres.ma\/index.php?rest_route=\/wp\/v2\/product"}],"about":[{"href":"https:\/\/baralivres.ma\/index.php?rest_route=\/wp\/v2\/types\/product"}],"replies":[{"embeddable":true,"href":"https:\/\/baralivres.ma\/index.php?rest_route=%2Fwp%2Fv2%2Fcomments&post=10995"}],"version-history":[{"count":1,"href":"https:\/\/baralivres.ma\/index.php?rest_route=\/wp\/v2\/product\/10995\/revisions"}],"predecessor-version":[{"id":10997,"href":"https:\/\/baralivres.ma\/index.php?rest_route=\/wp\/v2\/product\/10995\/revisions\/10997"}],"wp:featuredmedia":[{"embeddable":true,"href":"https:\/\/baralivres.ma\/index.php?rest_route=\/wp\/v2\/media\/10996"}],"wp:attachment":[{"href":"https:\/\/baralivres.ma\/index.php?rest_route=%2Fwp%2Fv2%2Fmedia&parent=10995"}],"wp:term":[{"taxonomy":"product_cat","embeddable":true,"href":"https:\/\/baralivres.ma\/index.php?rest_route=%2Fwp%2Fv2%2Fproduct_cat&post=10995"},{"taxonomy":"product_tag","embeddable":true,"href":"https:\/\/baralivres.ma\/index.php?rest_route=%2Fwp%2Fv2%2Fproduct_tag&post=10995"}],"curies":[{"name":"wp","href":"https:\/\/api.w.org\/{rel}","templated":true}]}}