{"id":10981,"date":"2023-08-29T12:23:54","date_gmt":"2023-08-29T11:23:54","guid":{"rendered":"https:\/\/baralivres.ma\/?post_type=product&#038;p=10981"},"modified":"2024-10-29T13:20:38","modified_gmt":"2024-10-29T12:20:38","slug":"robes-scintillantes","status":"publish","type":"product","link":"https:\/\/baralivres.ma\/?product=robes-scintillantes","title":{"rendered":"Robes scintillantes"},"content":{"rendered":"<p>2 tableaux \u00e0 compl\u00e9ter gr\u00e2ce \u00e0 1 200 mini-strass de 6 couleurs diff\u00e9rentes. Les strass se posent \u00e0 l&rsquo;aide d&rsquo;un stylet sp\u00e9cial, fourni dans la bo\u00eete. Des points de colle, prot\u00e9g\u00e9s par une feuille transparente, sont directement appliqu\u00e9s sur les tableaux et l&rsquo;enfant n&rsquo;a plus qu&rsquo;\u00e0 d\u00e9poser les mini-strass \u00e0 l&rsquo;aide d&rsquo;un stylet, fourni dans la bo\u00eete. Un pas \u00e0 pas et des mod\u00e8les sont \u00e9galement pr\u00e9sents pour aider l&rsquo;enfant.<\/p>\n","protected":false},"excerpt":{"rendered":"<p>2 tableaux \u00e0 compl\u00e9ter gr\u00e2ce \u00e0 1 200 mini-strass de 6 couleurs diff\u00e9rentes. Les strass se posent \u00e0 l&rsquo;aide d&rsquo;un stylet sp\u00e9cial, fourni dans la bo\u00eete. Des points de colle, prot\u00e9g\u00e9s par une feuille transparente, sont directement appliqu\u00e9s sur les tableaux et l&rsquo;enfant n&rsquo;a plus qu&rsquo;\u00e0 d\u00e9poser les mini-strass \u00e0 l&rsquo;aide d&rsquo;un stylet, fourni dans [&hellip;]<\/p>\n","protected":false},"featured_media":10982,"comment_status":"open","ping_status":"closed","template":"","meta":{"inline_featured_image":false},"product_cat":[3875,201,200],"product_tag":[],"class_list":{"0":"post-10981","1":"product","2":"type-product","3":"status-publish","4":"has-post-thumbnail","6":"product_cat-coffret-francais","7":"product_cat-coffret","8":"product_cat-activites","10":"first","11":"instock","12":"shipping-taxable","13":"purchasable","14":"product-type-simple"},"_links":{"self":[{"href":"https:\/\/baralivres.ma\/index.php?rest_route=\/wp\/v2\/product\/10981","targetHints":{"allow":["GET"]}}],"collection":[{"href":"https:\/\/baralivres.ma\/index.php?rest_route=\/wp\/v2\/product"}],"about":[{"href":"https:\/\/baralivres.ma\/index.php?rest_route=\/wp\/v2\/types\/product"}],"replies":[{"embeddable":true,"href":"https:\/\/baralivres.ma\/index.php?rest_route=%2Fwp%2Fv2%2Fcomments&post=10981"}],"version-history":[{"count":2,"href":"https:\/\/baralivres.ma\/index.php?rest_route=\/wp\/v2\/product\/10981\/revisions"}],"predecessor-version":[{"id":10985,"href":"https:\/\/baralivres.ma\/index.php?rest_route=\/wp\/v2\/product\/10981\/revisions\/10985"}],"wp:featuredmedia":[{"embeddable":true,"href":"https:\/\/baralivres.ma\/index.php?rest_route=\/wp\/v2\/media\/10982"}],"wp:attachment":[{"href":"https:\/\/baralivres.ma\/index.php?rest_route=%2Fwp%2Fv2%2Fmedia&parent=10981"}],"wp:term":[{"taxonomy":"product_cat","embeddable":true,"href":"https:\/\/baralivres.ma\/index.php?rest_route=%2Fwp%2Fv2%2Fproduct_cat&post=10981"},{"taxonomy":"product_tag","embeddable":true,"href":"https:\/\/baralivres.ma\/index.php?rest_route=%2Fwp%2Fv2%2Fproduct_tag&post=10981"}],"curies":[{"name":"wp","href":"https:\/\/api.w.org\/{rel}","templated":true}]}}