{"id":10977,"date":"2023-08-29T12:21:41","date_gmt":"2023-08-29T11:21:41","guid":{"rendered":"https:\/\/baralivres.ma\/?post_type=product&#038;p=10977"},"modified":"2024-10-29T13:21:10","modified_gmt":"2024-10-29T12:21:10","slug":"elena-davalor-vive-la-rentree","status":"publish","type":"product","link":"https:\/\/baralivres.ma\/?product=elena-davalor-vive-la-rentree","title":{"rendered":"Elena d&rsquo;Avalor, vive la rentr\u00e9e"},"content":{"rendered":"<p>Retrouve Elena et ses amis dans cette super valisette \u00e0 emmener partout avec toi ! Amuse-toi avec tous tes h\u00e9ros pr\u00e9f\u00e9r\u00e9s dans un livret de jeux et de coloriages. Tu trouveras aussi des stickers pour animer les sc\u00e8nes du deuxi\u00e8me livret et d\u00e9corer tes affaires !<\/p>\n","protected":false},"excerpt":{"rendered":"<p>Retrouve Elena et ses amis dans cette super valisette \u00e0 emmener partout avec toi ! Amuse-toi avec tous tes h\u00e9ros pr\u00e9f\u00e9r\u00e9s dans un livret de jeux et de coloriages. Tu trouveras aussi des stickers pour animer les sc\u00e8nes du deuxi\u00e8me livret et d\u00e9corer tes affaires !<\/p>\n","protected":false},"featured_media":10979,"comment_status":"open","ping_status":"closed","template":"","meta":{"inline_featured_image":false},"product_cat":[3875,201,210,200],"product_tag":[],"class_list":{"0":"post-10977","1":"product","2":"type-product","3":"status-publish","4":"has-post-thumbnail","6":"product_cat-coffret-francais","7":"product_cat-coffret","8":"product_cat-activites-bebe-enfant","9":"product_cat-activites","11":"first","12":"instock","13":"shipping-taxable","14":"purchasable","15":"product-type-simple"},"_links":{"self":[{"href":"https:\/\/baralivres.ma\/index.php?rest_route=\/wp\/v2\/product\/10977","targetHints":{"allow":["GET"]}}],"collection":[{"href":"https:\/\/baralivres.ma\/index.php?rest_route=\/wp\/v2\/product"}],"about":[{"href":"https:\/\/baralivres.ma\/index.php?rest_route=\/wp\/v2\/types\/product"}],"replies":[{"embeddable":true,"href":"https:\/\/baralivres.ma\/index.php?rest_route=%2Fwp%2Fv2%2Fcomments&post=10977"}],"version-history":[{"count":1,"href":"https:\/\/baralivres.ma\/index.php?rest_route=\/wp\/v2\/product\/10977\/revisions"}],"predecessor-version":[{"id":10980,"href":"https:\/\/baralivres.ma\/index.php?rest_route=\/wp\/v2\/product\/10977\/revisions\/10980"}],"wp:featuredmedia":[{"embeddable":true,"href":"https:\/\/baralivres.ma\/index.php?rest_route=\/wp\/v2\/media\/10979"}],"wp:attachment":[{"href":"https:\/\/baralivres.ma\/index.php?rest_route=%2Fwp%2Fv2%2Fmedia&parent=10977"}],"wp:term":[{"taxonomy":"product_cat","embeddable":true,"href":"https:\/\/baralivres.ma\/index.php?rest_route=%2Fwp%2Fv2%2Fproduct_cat&post=10977"},{"taxonomy":"product_tag","embeddable":true,"href":"https:\/\/baralivres.ma\/index.php?rest_route=%2Fwp%2Fv2%2Fproduct_tag&post=10977"}],"curies":[{"name":"wp","href":"https:\/\/api.w.org\/{rel}","templated":true}]}}