{"id":10973,"date":"2023-08-29T12:17:44","date_gmt":"2023-08-29T11:17:44","guid":{"rendered":"https:\/\/baralivres.ma\/?post_type=product&#038;p=10973"},"modified":"2024-10-29T13:21:40","modified_gmt":"2024-10-29T12:21:40","slug":"ma-boite-de-papeterie","status":"publish","type":"product","link":"https:\/\/baralivres.ma\/?product=ma-boite-de-papeterie","title":{"rendered":"Ma bo\u00eete de papeterie"},"content":{"rendered":"<p>Une jolie bo\u00eete compos\u00e9e de petits compartiments et d&rsquo;un tiroir contenant des \u00e9l\u00e9ments de papeterie comme un bloc de papier \u00e0 lettres, des mini-carnets, des post-it, des rouleaux de masking tape, des mini-gommes, des stickers et des mini-crayons.<\/p>\n","protected":false},"excerpt":{"rendered":"<p>Une jolie bo\u00eete compos\u00e9e de petits compartiments et d&rsquo;un tiroir contenant des \u00e9l\u00e9ments de papeterie comme un bloc de papier \u00e0 lettres, des mini-carnets, des post-it, des rouleaux de masking tape, des mini-gommes, des stickers et des mini-crayons.<\/p>\n","protected":false},"featured_media":10975,"comment_status":"open","ping_status":"closed","template":"","meta":{"inline_featured_image":false},"product_cat":[3875,215,201,200],"product_tag":[],"class_list":{"0":"post-10973","1":"product","2":"type-product","3":"status-publish","4":"has-post-thumbnail","6":"product_cat-coffret-francais","7":"product_cat-enfant","8":"product_cat-coffret","9":"product_cat-activites","11":"first","12":"instock","13":"shipping-taxable","14":"purchasable","15":"product-type-simple"},"_links":{"self":[{"href":"https:\/\/baralivres.ma\/index.php?rest_route=\/wp\/v2\/product\/10973","targetHints":{"allow":["GET"]}}],"collection":[{"href":"https:\/\/baralivres.ma\/index.php?rest_route=\/wp\/v2\/product"}],"about":[{"href":"https:\/\/baralivres.ma\/index.php?rest_route=\/wp\/v2\/types\/product"}],"replies":[{"embeddable":true,"href":"https:\/\/baralivres.ma\/index.php?rest_route=%2Fwp%2Fv2%2Fcomments&post=10973"}],"version-history":[{"count":2,"href":"https:\/\/baralivres.ma\/index.php?rest_route=\/wp\/v2\/product\/10973\/revisions"}],"predecessor-version":[{"id":10976,"href":"https:\/\/baralivres.ma\/index.php?rest_route=\/wp\/v2\/product\/10973\/revisions\/10976"}],"wp:featuredmedia":[{"embeddable":true,"href":"https:\/\/baralivres.ma\/index.php?rest_route=\/wp\/v2\/media\/10975"}],"wp:attachment":[{"href":"https:\/\/baralivres.ma\/index.php?rest_route=%2Fwp%2Fv2%2Fmedia&parent=10973"}],"wp:term":[{"taxonomy":"product_cat","embeddable":true,"href":"https:\/\/baralivres.ma\/index.php?rest_route=%2Fwp%2Fv2%2Fproduct_cat&post=10973"},{"taxonomy":"product_tag","embeddable":true,"href":"https:\/\/baralivres.ma\/index.php?rest_route=%2Fwp%2Fv2%2Fproduct_tag&post=10973"}],"curies":[{"name":"wp","href":"https:\/\/api.w.org\/{rel}","templated":true}]}}