{"id":10970,"date":"2023-08-29T12:13:03","date_gmt":"2023-08-29T11:13:03","guid":{"rendered":"https:\/\/baralivres.ma\/?post_type=product&#038;p=10970"},"modified":"2023-11-07T13:14:29","modified_gmt":"2023-11-07T12:14:29","slug":"la-mega-boite-a-questions-special-animaux","status":"publish","type":"product","link":"https:\/\/baralivres.ma\/?product=la-mega-boite-a-questions-special-animaux","title":{"rendered":"La m\u00e9ga boite \u00e0 questions, sp\u00e9cial animaux"},"content":{"rendered":"<p>Une bo\u00eete cautionn\u00e9e par National Geographic qui propose 100 cartes, un d\u00e9 et un livret de 128 pages. 200 questions sur les animaux, r\u00e9parties en 4 cat\u00e9gories : les mammif\u00e8res terrestres, les animaux aquatiques, les reptiles et les oiseaux. A chaque bonne r\u00e9ponse, le joueur s&#8217;empare de la carte et le premier joueur \u00e0 poss\u00e9der 12 cartes remporte le partie ! Mais attention lorsque le d\u00e9 indique \u00ab\u00a0challenge\u00a0\u00bb , il s&rsquo;agit de ne pas perdre de cartes ! Il faut pr\u00e9senter l&rsquo;animal le plus grand ou le plus rapide pour remporter les cartes de ses adversaires et s&rsquo;approcher de la victoire !<\/p>\n","protected":false},"excerpt":{"rendered":"<p>Une bo\u00eete cautionn\u00e9e par National Geographic qui propose 100 cartes, un d\u00e9 et un livret de 128 pages. 200 questions sur les animaux, r\u00e9parties en 4 cat\u00e9gories : les mammif\u00e8res terrestres, les animaux aquatiques, les reptiles et les oiseaux. A chaque bonne r\u00e9ponse, le joueur s&#8217;empare de la carte et le premier joueur \u00e0 poss\u00e9der [&hellip;]<\/p>\n","protected":false},"featured_media":10971,"comment_status":"open","ping_status":"closed","template":"","meta":{"inline_featured_image":false},"product_cat":[203,204],"product_tag":[],"class_list":{"0":"post-10970","1":"product","2":"type-product","3":"status-publish","4":"has-post-thumbnail","6":"product_cat-adolescente","7":"product_cat-francais","9":"first","10":"instock","11":"shipping-taxable","12":"purchasable","13":"product-type-simple"},"_links":{"self":[{"href":"https:\/\/baralivres.ma\/index.php?rest_route=\/wp\/v2\/product\/10970","targetHints":{"allow":["GET"]}}],"collection":[{"href":"https:\/\/baralivres.ma\/index.php?rest_route=\/wp\/v2\/product"}],"about":[{"href":"https:\/\/baralivres.ma\/index.php?rest_route=\/wp\/v2\/types\/product"}],"replies":[{"embeddable":true,"href":"https:\/\/baralivres.ma\/index.php?rest_route=%2Fwp%2Fv2%2Fcomments&post=10970"}],"version-history":[{"count":1,"href":"https:\/\/baralivres.ma\/index.php?rest_route=\/wp\/v2\/product\/10970\/revisions"}],"predecessor-version":[{"id":10972,"href":"https:\/\/baralivres.ma\/index.php?rest_route=\/wp\/v2\/product\/10970\/revisions\/10972"}],"wp:featuredmedia":[{"embeddable":true,"href":"https:\/\/baralivres.ma\/index.php?rest_route=\/wp\/v2\/media\/10971"}],"wp:attachment":[{"href":"https:\/\/baralivres.ma\/index.php?rest_route=%2Fwp%2Fv2%2Fmedia&parent=10970"}],"wp:term":[{"taxonomy":"product_cat","embeddable":true,"href":"https:\/\/baralivres.ma\/index.php?rest_route=%2Fwp%2Fv2%2Fproduct_cat&post=10970"},{"taxonomy":"product_tag","embeddable":true,"href":"https:\/\/baralivres.ma\/index.php?rest_route=%2Fwp%2Fv2%2Fproduct_tag&post=10970"}],"curies":[{"name":"wp","href":"https:\/\/api.w.org\/{rel}","templated":true}]}}