{"id":10966,"date":"2023-08-29T12:10:13","date_gmt":"2023-08-29T11:10:13","guid":{"rendered":"https:\/\/baralivres.ma\/?post_type=product&#038;p=10966"},"modified":"2023-11-07T13:09:30","modified_gmt":"2023-11-07T12:09:30","slug":"reine-des-neiges-valisette-joyeuses-fetes-avec-olaf","status":"publish","type":"product","link":"https:\/\/baralivres.ma\/?product=reine-des-neiges-valisette-joyeuses-fetes-avec-olaf","title":{"rendered":"REINE DES NEIGES &#8211; Valisette &#8211; Joyeuses f\u00eates avec Olaf"},"content":{"rendered":"<p>Retrouve Olaf, Elsa et tous leurs amis dans cette super valisette \u00e0 emmener partout avec toi ! \u00c0 l&rsquo;occasion de la sortie du film\u00a0<span class=\"a-text-italic\">Joyeuses f\u00eates avec Olaf<\/span>, amuse-toi avec tes personnages pr\u00e9f\u00e9r\u00e9s de l&rsquo;univers de\u00a0<span class=\"a-text-italic\">La Reine des Neiges<\/span>, dans un livre de jeux et de coloriages.Tu trouveras aussi des stickers pour animer les sc\u00e8nes du deuxi\u00e8me livret et d\u00e9corer tes affaires.<\/p>\n","protected":false},"excerpt":{"rendered":"<p>Retrouve Olaf, Elsa et tous leurs amis dans cette super valisette \u00e0 emmener partout avec toi ! \u00c0 l&rsquo;occasion de la sortie du film\u00a0Joyeuses f\u00eates avec Olaf, amuse-toi avec tes personnages pr\u00e9f\u00e9r\u00e9s de l&rsquo;univers de\u00a0La Reine des Neiges, dans un livre de jeux et de coloriages.Tu trouveras aussi des stickers pour animer les sc\u00e8nes du [&hellip;]<\/p>\n","protected":false},"featured_media":10967,"comment_status":"open","ping_status":"closed","template":"","meta":{"inline_featured_image":false},"product_cat":[204],"product_tag":[],"class_list":{"0":"post-10966","1":"product","2":"type-product","3":"status-publish","4":"has-post-thumbnail","6":"product_cat-francais","8":"first","9":"instock","10":"shipping-taxable","11":"purchasable","12":"product-type-simple"},"_links":{"self":[{"href":"https:\/\/baralivres.ma\/index.php?rest_route=\/wp\/v2\/product\/10966","targetHints":{"allow":["GET"]}}],"collection":[{"href":"https:\/\/baralivres.ma\/index.php?rest_route=\/wp\/v2\/product"}],"about":[{"href":"https:\/\/baralivres.ma\/index.php?rest_route=\/wp\/v2\/types\/product"}],"replies":[{"embeddable":true,"href":"https:\/\/baralivres.ma\/index.php?rest_route=%2Fwp%2Fv2%2Fcomments&post=10966"}],"version-history":[{"count":1,"href":"https:\/\/baralivres.ma\/index.php?rest_route=\/wp\/v2\/product\/10966\/revisions"}],"predecessor-version":[{"id":10968,"href":"https:\/\/baralivres.ma\/index.php?rest_route=\/wp\/v2\/product\/10966\/revisions\/10968"}],"wp:featuredmedia":[{"embeddable":true,"href":"https:\/\/baralivres.ma\/index.php?rest_route=\/wp\/v2\/media\/10967"}],"wp:attachment":[{"href":"https:\/\/baralivres.ma\/index.php?rest_route=%2Fwp%2Fv2%2Fmedia&parent=10966"}],"wp:term":[{"taxonomy":"product_cat","embeddable":true,"href":"https:\/\/baralivres.ma\/index.php?rest_route=%2Fwp%2Fv2%2Fproduct_cat&post=10966"},{"taxonomy":"product_tag","embeddable":true,"href":"https:\/\/baralivres.ma\/index.php?rest_route=%2Fwp%2Fv2%2Fproduct_tag&post=10966"}],"curies":[{"name":"wp","href":"https:\/\/api.w.org\/{rel}","templated":true}]}}