{"id":10951,"date":"2023-08-29T12:01:36","date_gmt":"2023-08-29T11:01:36","guid":{"rendered":"https:\/\/baralivres.ma\/?post_type=product&#038;p=10951"},"modified":"2024-11-18T16:30:47","modified_gmt":"2024-11-18T15:30:47","slug":"memo-disney-baby-1-a-4-joueurs","status":"publish","type":"product","link":"https:\/\/baralivres.ma\/?product=memo-disney-baby-1-a-4-joueurs","title":{"rendered":"M\u00e9mo Disney Baby &#8211; 1 \u00e0 4 joueurs"},"content":{"rendered":"<p>Cette jolie bo\u00eete contient 32 pi\u00e8ces. En retournant les pi\u00e8ces, l&rsquo;enfant doit retrouver les paires. Ce jeu lui permettra d&rsquo;exercer sa m\u00e9moire, de stimuler son sens de l&rsquo;observation et d&rsquo;apprendre de nouveaux mots tout en s&rsquo;amusant avec les personnages si attachants de Disney. Pas \u00e0 pas, b\u00e9b\u00e9 deviendra grand !<\/p>\n","protected":false},"excerpt":{"rendered":"<p>Cette jolie bo\u00eete contient 32 pi\u00e8ces. En retournant les pi\u00e8ces, l&rsquo;enfant doit retrouver les paires. Ce jeu lui permettra d&rsquo;exercer sa m\u00e9moire, de stimuler son sens de l&rsquo;observation et d&rsquo;apprendre de nouveaux mots tout en s&rsquo;amusant avec les personnages si attachants de Disney. Pas \u00e0 pas, b\u00e9b\u00e9 deviendra grand !<\/p>\n","protected":false},"featured_media":10958,"comment_status":"open","ping_status":"closed","template":"","meta":{"inline_featured_image":false},"product_cat":[3875,201,200],"product_tag":[],"class_list":{"0":"post-10951","1":"product","2":"type-product","3":"status-publish","4":"has-post-thumbnail","6":"product_cat-coffret-francais","7":"product_cat-coffret","8":"product_cat-activites","10":"first","11":"instock","12":"shipping-taxable","13":"purchasable","14":"product-type-simple"},"_links":{"self":[{"href":"https:\/\/baralivres.ma\/index.php?rest_route=\/wp\/v2\/product\/10951","targetHints":{"allow":["GET"]}}],"collection":[{"href":"https:\/\/baralivres.ma\/index.php?rest_route=\/wp\/v2\/product"}],"about":[{"href":"https:\/\/baralivres.ma\/index.php?rest_route=\/wp\/v2\/types\/product"}],"replies":[{"embeddable":true,"href":"https:\/\/baralivres.ma\/index.php?rest_route=%2Fwp%2Fv2%2Fcomments&post=10951"}],"version-history":[{"count":2,"href":"https:\/\/baralivres.ma\/index.php?rest_route=\/wp\/v2\/product\/10951\/revisions"}],"predecessor-version":[{"id":11047,"href":"https:\/\/baralivres.ma\/index.php?rest_route=\/wp\/v2\/product\/10951\/revisions\/11047"}],"wp:featuredmedia":[{"embeddable":true,"href":"https:\/\/baralivres.ma\/index.php?rest_route=\/wp\/v2\/media\/10958"}],"wp:attachment":[{"href":"https:\/\/baralivres.ma\/index.php?rest_route=%2Fwp%2Fv2%2Fmedia&parent=10951"}],"wp:term":[{"taxonomy":"product_cat","embeddable":true,"href":"https:\/\/baralivres.ma\/index.php?rest_route=%2Fwp%2Fv2%2Fproduct_cat&post=10951"},{"taxonomy":"product_tag","embeddable":true,"href":"https:\/\/baralivres.ma\/index.php?rest_route=%2Fwp%2Fv2%2Fproduct_tag&post=10951"}],"curies":[{"name":"wp","href":"https:\/\/api.w.org\/{rel}","templated":true}]}}