{"id":10944,"date":"2023-08-29T11:57:15","date_gmt":"2023-08-29T10:57:15","guid":{"rendered":"https:\/\/baralivres.ma\/?post_type=product&#038;p=10944"},"modified":"2024-11-18T16:31:09","modified_gmt":"2024-11-18T15:31:09","slug":"pinocchio","status":"publish","type":"product","link":"https:\/\/baralivres.ma\/?product=pinocchio","title":{"rendered":"Pinocchio"},"content":{"rendered":"<p>Geppetto, un vieil artisan, sculpte le bois et fabrique des jouets. Son souhait le plus cher est d&rsquo;avoir un fils. Il imagine ainsi une marionnette, qu&rsquo;il nomme Pinocchio. Une nuit, son voeu est r\u00e9alis\u00e9 par la F\u00e9e bleue, qui donne vie \u00e0 la marionnette. Et Jiminy Criquet se voit attribuer la t\u00e2che d&rsquo;\u00eatre la bonne conscience du pantin pour l&#8217;emp\u00eacher de mal agir.<\/p>\n","protected":false},"excerpt":{"rendered":"<p>Geppetto, un vieil artisan, sculpte le bois et fabrique des jouets. Son souhait le plus cher est d&rsquo;avoir un fils. Il imagine ainsi une marionnette, qu&rsquo;il nomme Pinocchio. Une nuit, son voeu est r\u00e9alis\u00e9 par la F\u00e9e bleue, qui donne vie \u00e0 la marionnette. Et Jiminy Criquet se voit attribuer la t\u00e2che d&rsquo;\u00eatre la bonne [&hellip;]<\/p>\n","protected":false},"featured_media":10952,"comment_status":"open","ping_status":"closed","template":"","meta":{"inline_featured_image":false},"product_cat":[3877,199],"product_tag":[],"class_list":{"0":"post-10944","1":"product","2":"type-product","3":"status-publish","4":"has-post-thumbnail","6":"product_cat-les-histoires-francais","7":"product_cat-histoires","9":"first","10":"instock","11":"shipping-taxable","12":"purchasable","13":"product-type-simple"},"_links":{"self":[{"href":"https:\/\/baralivres.ma\/index.php?rest_route=\/wp\/v2\/product\/10944","targetHints":{"allow":["GET"]}}],"collection":[{"href":"https:\/\/baralivres.ma\/index.php?rest_route=\/wp\/v2\/product"}],"about":[{"href":"https:\/\/baralivres.ma\/index.php?rest_route=\/wp\/v2\/types\/product"}],"replies":[{"embeddable":true,"href":"https:\/\/baralivres.ma\/index.php?rest_route=%2Fwp%2Fv2%2Fcomments&post=10944"}],"version-history":[{"count":1,"href":"https:\/\/baralivres.ma\/index.php?rest_route=\/wp\/v2\/product\/10944\/revisions"}],"predecessor-version":[{"id":10954,"href":"https:\/\/baralivres.ma\/index.php?rest_route=\/wp\/v2\/product\/10944\/revisions\/10954"}],"wp:featuredmedia":[{"embeddable":true,"href":"https:\/\/baralivres.ma\/index.php?rest_route=\/wp\/v2\/media\/10952"}],"wp:attachment":[{"href":"https:\/\/baralivres.ma\/index.php?rest_route=%2Fwp%2Fv2%2Fmedia&parent=10944"}],"wp:term":[{"taxonomy":"product_cat","embeddable":true,"href":"https:\/\/baralivres.ma\/index.php?rest_route=%2Fwp%2Fv2%2Fproduct_cat&post=10944"},{"taxonomy":"product_tag","embeddable":true,"href":"https:\/\/baralivres.ma\/index.php?rest_route=%2Fwp%2Fv2%2Fproduct_tag&post=10944"}],"curies":[{"name":"wp","href":"https:\/\/api.w.org\/{rel}","templated":true}]}}