{"id":10937,"date":"2023-08-28T18:29:24","date_gmt":"2023-08-28T17:29:24","guid":{"rendered":"https:\/\/baralivres.ma\/?post_type=product&#038;p=10937"},"modified":"2024-10-29T18:21:55","modified_gmt":"2024-10-29T17:21:55","slug":"petites-gommettes-les-pompiers","status":"publish","type":"product","link":"https:\/\/baralivres.ma\/?product=petites-gommettes-les-pompiers","title":{"rendered":"PETITES GOMMETTES : les pompiers"},"content":{"rendered":"<h2 class=\"titreDescription col-xs-12 no-padding\"><span style=\"font-size: 16px\">Une bo\u00eete m\u00e9tal contenant plus de 70 gommettes pour jouer et assembler en s&rsquo;amusant. une bo\u00eete qui est aussi tr\u00e8s pratique pour ranger ses gommettes et tout ce que les enfants ont envie de garder pr\u00e9cieusement ! tr\u00e8s jolie aussi \u00e0 collectionner !<\/span><\/h2>\n","protected":false},"excerpt":{"rendered":"<p>Une bo\u00eete m\u00e9tal contenant plus de 70 gommettes pour jouer et assembler en s&rsquo;amusant. une bo\u00eete qui est aussi tr\u00e8s pratique pour ranger ses gommettes et tout ce que les enfants ont envie de garder pr\u00e9cieusement ! tr\u00e8s jolie aussi \u00e0 collectionner !<\/p>\n","protected":false},"featured_media":10940,"comment_status":"open","ping_status":"closed","template":"","meta":{"inline_featured_image":false},"product_cat":[215,200],"product_tag":[],"class_list":{"0":"post-10937","1":"product","2":"type-product","3":"status-publish","4":"has-post-thumbnail","6":"product_cat-enfant","7":"product_cat-activites","9":"first","10":"instock","11":"shipping-taxable","12":"purchasable","13":"product-type-simple"},"_links":{"self":[{"href":"https:\/\/baralivres.ma\/index.php?rest_route=\/wp\/v2\/product\/10937","targetHints":{"allow":["GET"]}}],"collection":[{"href":"https:\/\/baralivres.ma\/index.php?rest_route=\/wp\/v2\/product"}],"about":[{"href":"https:\/\/baralivres.ma\/index.php?rest_route=\/wp\/v2\/types\/product"}],"replies":[{"embeddable":true,"href":"https:\/\/baralivres.ma\/index.php?rest_route=%2Fwp%2Fv2%2Fcomments&post=10937"}],"version-history":[{"count":1,"href":"https:\/\/baralivres.ma\/index.php?rest_route=\/wp\/v2\/product\/10937\/revisions"}],"predecessor-version":[{"id":10941,"href":"https:\/\/baralivres.ma\/index.php?rest_route=\/wp\/v2\/product\/10937\/revisions\/10941"}],"wp:featuredmedia":[{"embeddable":true,"href":"https:\/\/baralivres.ma\/index.php?rest_route=\/wp\/v2\/media\/10940"}],"wp:attachment":[{"href":"https:\/\/baralivres.ma\/index.php?rest_route=%2Fwp%2Fv2%2Fmedia&parent=10937"}],"wp:term":[{"taxonomy":"product_cat","embeddable":true,"href":"https:\/\/baralivres.ma\/index.php?rest_route=%2Fwp%2Fv2%2Fproduct_cat&post=10937"},{"taxonomy":"product_tag","embeddable":true,"href":"https:\/\/baralivres.ma\/index.php?rest_route=%2Fwp%2Fv2%2Fproduct_tag&post=10937"}],"curies":[{"name":"wp","href":"https:\/\/api.w.org\/{rel}","templated":true}]}}