{"id":10934,"date":"2023-08-28T18:26:43","date_gmt":"2023-08-28T17:26:43","guid":{"rendered":"https:\/\/baralivres.ma\/?post_type=product&#038;p=10934"},"modified":"2024-11-18T16:32:39","modified_gmt":"2024-11-18T15:32:39","slug":"avengers-endgame-lalbum-du-film","status":"publish","type":"product","link":"https:\/\/baralivres.ma\/?product=avengers-endgame-lalbum-du-film","title":{"rendered":"Avengers Endgame &#8211; L&rsquo;album du film"},"content":{"rendered":"<p>L&rsquo;album du film pour les 6-10 ans ! Revivez les meilleurs moments de l&rsquo;histoire de Avengers : Endgame dans cet album illustrant les plus belles sc\u00e8nes du film. Un livre au format id\u00e9al pour les jeunes lecteurs \u00e0 l&rsquo;aff\u00fbt des derni\u00e8res sorties box-office des films Disney : des textes courts et dynamiques, facile \u00e0 lire en autonomie. D\u00e8s 6 ans. L&rsquo;histoire : Thanos a d\u00e9cim\u00e9 la moiti\u00e9 de la population de l&rsquo;univers gr\u00e2ce aux six Pierres d&rsquo;Infinit\u00e9.<br \/>\nCinq ans plus tard, dans cette \u00e8re post-apocalyptique, les Avengers encore en vie se regroupent pour essayer l&rsquo;impossible&#8230; ramener \u00e0 la vie tous les disparus !<\/p>\n","protected":false},"excerpt":{"rendered":"<p>L&rsquo;album du film pour les 6-10 ans ! Revivez les meilleurs moments de l&rsquo;histoire de Avengers : Endgame dans cet album illustrant les plus belles sc\u00e8nes du film.<\/p>\n","protected":false},"featured_media":10935,"comment_status":"open","ping_status":"closed","template":"","meta":{"inline_featured_image":false},"product_cat":[3877,199],"product_tag":[],"class_list":{"0":"post-10934","1":"product","2":"type-product","3":"status-publish","4":"has-post-thumbnail","6":"product_cat-les-histoires-francais","7":"product_cat-histoires","9":"first","10":"instock","11":"shipping-taxable","12":"purchasable","13":"product-type-simple"},"_links":{"self":[{"href":"https:\/\/baralivres.ma\/index.php?rest_route=\/wp\/v2\/product\/10934","targetHints":{"allow":["GET"]}}],"collection":[{"href":"https:\/\/baralivres.ma\/index.php?rest_route=\/wp\/v2\/product"}],"about":[{"href":"https:\/\/baralivres.ma\/index.php?rest_route=\/wp\/v2\/types\/product"}],"replies":[{"embeddable":true,"href":"https:\/\/baralivres.ma\/index.php?rest_route=%2Fwp%2Fv2%2Fcomments&post=10934"}],"version-history":[{"count":1,"href":"https:\/\/baralivres.ma\/index.php?rest_route=\/wp\/v2\/product\/10934\/revisions"}],"predecessor-version":[{"id":10938,"href":"https:\/\/baralivres.ma\/index.php?rest_route=\/wp\/v2\/product\/10934\/revisions\/10938"}],"wp:featuredmedia":[{"embeddable":true,"href":"https:\/\/baralivres.ma\/index.php?rest_route=\/wp\/v2\/media\/10935"}],"wp:attachment":[{"href":"https:\/\/baralivres.ma\/index.php?rest_route=%2Fwp%2Fv2%2Fmedia&parent=10934"}],"wp:term":[{"taxonomy":"product_cat","embeddable":true,"href":"https:\/\/baralivres.ma\/index.php?rest_route=%2Fwp%2Fv2%2Fproduct_cat&post=10934"},{"taxonomy":"product_tag","embeddable":true,"href":"https:\/\/baralivres.ma\/index.php?rest_route=%2Fwp%2Fv2%2Fproduct_tag&post=10934"}],"curies":[{"name":"wp","href":"https:\/\/api.w.org\/{rel}","templated":true}]}}