{"id":10928,"date":"2023-08-28T18:24:31","date_gmt":"2023-08-28T17:24:31","guid":{"rendered":"https:\/\/baralivres.ma\/?post_type=product&#038;p=10928"},"modified":"2024-10-29T13:22:34","modified_gmt":"2024-10-29T12:22:34","slug":"coffret-bijoux-en-perles-heishi","status":"publish","type":"product","link":"https:\/\/baralivres.ma\/?product=coffret-bijoux-en-perles-heishi","title":{"rendered":"Coffret Bijoux en perles Heishi"},"content":{"rendered":"<p>Impossible de passer \u00e0 cote des perles heishi, ces petite rondelles color\u00e9es, si caract\u00e9ristiques, qui s&rsquo;accumulent en-arc-en ciel sur les bijoux ! Des perles heishi, du fil de jade, quelques noeuds&#8230; C&rsquo;est tout ce qu&rsquo;il vous faut pour r\u00e9aliser une multitude de bijoux tendance \u00e0 porter ou \u00e0 offrir ! Ce coffret contient : Pr\u00e8s de 400 perles heishi, 4 m de fil de jade, 5 perles coquillage cauri, 1 livre avec des explications simples et claires pour r\u00e9aliser 6 mod\u00e8les diff\u00e9rents (bracelets, collier, boucles d&rsquo;oreilles, etc.)<\/p>\n","protected":false},"excerpt":{"rendered":"<p>Des perles heishi, du fil de jade, quelques n\u0153uds\u2026 C\u2019est tout ce qu\u2019il vous faut pour r\u00e9aliser une multitude de bijoux tendance \u00e0 porter ou \u00e0 offrir\u00a0 !<\/p>\n","protected":false},"featured_media":10929,"comment_status":"open","ping_status":"closed","template":"","meta":{"inline_featured_image":false},"product_cat":[3875,201,200],"product_tag":[],"class_list":{"0":"post-10928","1":"product","2":"type-product","3":"status-publish","4":"has-post-thumbnail","6":"product_cat-coffret-francais","7":"product_cat-coffret","8":"product_cat-activites","10":"first","11":"instock","12":"shipping-taxable","13":"purchasable","14":"product-type-simple"},"_links":{"self":[{"href":"https:\/\/baralivres.ma\/index.php?rest_route=\/wp\/v2\/product\/10928","targetHints":{"allow":["GET"]}}],"collection":[{"href":"https:\/\/baralivres.ma\/index.php?rest_route=\/wp\/v2\/product"}],"about":[{"href":"https:\/\/baralivres.ma\/index.php?rest_route=\/wp\/v2\/types\/product"}],"replies":[{"embeddable":true,"href":"https:\/\/baralivres.ma\/index.php?rest_route=%2Fwp%2Fv2%2Fcomments&post=10928"}],"version-history":[{"count":1,"href":"https:\/\/baralivres.ma\/index.php?rest_route=\/wp\/v2\/product\/10928\/revisions"}],"predecessor-version":[{"id":10932,"href":"https:\/\/baralivres.ma\/index.php?rest_route=\/wp\/v2\/product\/10928\/revisions\/10932"}],"wp:featuredmedia":[{"embeddable":true,"href":"https:\/\/baralivres.ma\/index.php?rest_route=\/wp\/v2\/media\/10929"}],"wp:attachment":[{"href":"https:\/\/baralivres.ma\/index.php?rest_route=%2Fwp%2Fv2%2Fmedia&parent=10928"}],"wp:term":[{"taxonomy":"product_cat","embeddable":true,"href":"https:\/\/baralivres.ma\/index.php?rest_route=%2Fwp%2Fv2%2Fproduct_cat&post=10928"},{"taxonomy":"product_tag","embeddable":true,"href":"https:\/\/baralivres.ma\/index.php?rest_route=%2Fwp%2Fv2%2Fproduct_tag&post=10928"}],"curies":[{"name":"wp","href":"https:\/\/api.w.org\/{rel}","templated":true}]}}