{"id":10922,"date":"2023-08-28T18:18:06","date_gmt":"2023-08-28T17:18:06","guid":{"rendered":"https:\/\/baralivres.ma\/?post_type=product&#038;p=10922"},"modified":"2024-11-18T16:33:33","modified_gmt":"2024-11-18T15:33:33","slug":"les-nouvelles-histoires-de-disney-tome-8","status":"publish","type":"product","link":"https:\/\/baralivres.ma\/?product=les-nouvelles-histoires-de-disney-tome-8","title":{"rendered":"Les nouvelles histoires de Disney Tome 8"},"content":{"rendered":"<p>La suite des aventures des plus grands h\u00e9ros Disney ! Une collection d&rsquo;albums de 32 pages d\u00e9di\u00e9e aux histoires in\u00e9dites des plus grands h\u00e9ros des classiques Disney. D\u00e8s 4 ans. R\u00e9sum\u00e9 : Les deux lionceaux, Simba et Nala, partent \u00e0 la recherche d&rsquo;un endroit secret o\u00f9 ils pourront jouer sans \u00eatre constamment surveill\u00e9s. Mais la qu\u00eate de la tani\u00e8re id\u00e9ale ne sera pas de tout repos !<\/p>\n","protected":false},"excerpt":{"rendered":"<p>La suite des aventures des plus grands h\u00e9ros Disney ! Une collection d&rsquo;albums de 32 pages d\u00e9di\u00e9e aux histoires in\u00e9dites des plus grands h\u00e9ros des classiques Disney. D\u00e8s 4 ans. R\u00e9sum\u00e9 : Les deux lionceaux, Simba et Nala, partent \u00e0 la recherche d&rsquo;un endroit secret o\u00f9 ils pourront jouer sans \u00eatre constamment surveill\u00e9s. Mais la qu\u00eate de la tani\u00e8re id\u00e9ale ne sera pas de tout repos !<\/p>\n","protected":false},"featured_media":10923,"comment_status":"open","ping_status":"closed","template":"","meta":{"inline_featured_image":false},"product_cat":[3877,199],"product_tag":[],"class_list":{"0":"post-10922","1":"product","2":"type-product","3":"status-publish","4":"has-post-thumbnail","6":"product_cat-les-histoires-francais","7":"product_cat-histoires","9":"first","10":"instock","11":"shipping-taxable","12":"purchasable","13":"product-type-simple"},"_links":{"self":[{"href":"https:\/\/baralivres.ma\/index.php?rest_route=\/wp\/v2\/product\/10922","targetHints":{"allow":["GET"]}}],"collection":[{"href":"https:\/\/baralivres.ma\/index.php?rest_route=\/wp\/v2\/product"}],"about":[{"href":"https:\/\/baralivres.ma\/index.php?rest_route=\/wp\/v2\/types\/product"}],"replies":[{"embeddable":true,"href":"https:\/\/baralivres.ma\/index.php?rest_route=%2Fwp%2Fv2%2Fcomments&post=10922"}],"version-history":[{"count":1,"href":"https:\/\/baralivres.ma\/index.php?rest_route=\/wp\/v2\/product\/10922\/revisions"}],"predecessor-version":[{"id":10924,"href":"https:\/\/baralivres.ma\/index.php?rest_route=\/wp\/v2\/product\/10922\/revisions\/10924"}],"wp:featuredmedia":[{"embeddable":true,"href":"https:\/\/baralivres.ma\/index.php?rest_route=\/wp\/v2\/media\/10923"}],"wp:attachment":[{"href":"https:\/\/baralivres.ma\/index.php?rest_route=%2Fwp%2Fv2%2Fmedia&parent=10922"}],"wp:term":[{"taxonomy":"product_cat","embeddable":true,"href":"https:\/\/baralivres.ma\/index.php?rest_route=%2Fwp%2Fv2%2Fproduct_cat&post=10922"},{"taxonomy":"product_tag","embeddable":true,"href":"https:\/\/baralivres.ma\/index.php?rest_route=%2Fwp%2Fv2%2Fproduct_tag&post=10922"}],"curies":[{"name":"wp","href":"https:\/\/api.w.org\/{rel}","templated":true}]}}