{"id":10910,"date":"2023-08-28T18:13:27","date_gmt":"2023-08-28T17:13:27","guid":{"rendered":"https:\/\/baralivres.ma\/?post_type=product&#038;p=10910"},"modified":"2024-11-18T16:34:12","modified_gmt":"2024-11-18T15:34:12","slug":"naie-pas-peur-petite-fee","status":"publish","type":"product","link":"https:\/\/baralivres.ma\/?product=naie-pas-peur-petite-fee","title":{"rendered":"N&rsquo;aie pas peur, petite f\u00e9e !"},"content":{"rendered":"<p>Un soir d&rsquo;\u00e9t\u00e9, Hortense va pour la premi\u00e8re fois dormir dans sa roulotte. Biscuits aux violettes, sirop de coucou&#8230; Tout est pr\u00eat. Gomez sera m\u00eame l\u00e0 pour lui tenir compagnie ! Mais quand vient la nuit et que tout est noir dehors, la petite f\u00e9e entend de dr\u00f4les de bruits.<\/p>\n","protected":false},"excerpt":{"rendered":"<p>Un soir d&rsquo;\u00e9t\u00e9, Hortense va pour la premi\u00e8re fois dormir dans sa roulotte. Biscuits aux violettes, sirop de coucou&#8230; Tout est pr\u00eat. Gomez sera m\u00eame l\u00e0 pour lui tenir compagnie ! Mais quand vient la nuit et que tout est noir dehors, la petite f\u00e9e entend de dr\u00f4les de bruits.<\/p>\n","protected":false},"featured_media":10912,"comment_status":"open","ping_status":"closed","template":"","meta":{"inline_featured_image":false},"product_cat":[3877,199],"product_tag":[],"class_list":{"0":"post-10910","1":"product","2":"type-product","3":"status-publish","4":"has-post-thumbnail","6":"product_cat-les-histoires-francais","7":"product_cat-histoires","9":"first","10":"instock","11":"shipping-taxable","12":"purchasable","13":"product-type-simple"},"_links":{"self":[{"href":"https:\/\/baralivres.ma\/index.php?rest_route=\/wp\/v2\/product\/10910","targetHints":{"allow":["GET"]}}],"collection":[{"href":"https:\/\/baralivres.ma\/index.php?rest_route=\/wp\/v2\/product"}],"about":[{"href":"https:\/\/baralivres.ma\/index.php?rest_route=\/wp\/v2\/types\/product"}],"replies":[{"embeddable":true,"href":"https:\/\/baralivres.ma\/index.php?rest_route=%2Fwp%2Fv2%2Fcomments&post=10910"}],"version-history":[{"count":1,"href":"https:\/\/baralivres.ma\/index.php?rest_route=\/wp\/v2\/product\/10910\/revisions"}],"predecessor-version":[{"id":10914,"href":"https:\/\/baralivres.ma\/index.php?rest_route=\/wp\/v2\/product\/10910\/revisions\/10914"}],"wp:featuredmedia":[{"embeddable":true,"href":"https:\/\/baralivres.ma\/index.php?rest_route=\/wp\/v2\/media\/10912"}],"wp:attachment":[{"href":"https:\/\/baralivres.ma\/index.php?rest_route=%2Fwp%2Fv2%2Fmedia&parent=10910"}],"wp:term":[{"taxonomy":"product_cat","embeddable":true,"href":"https:\/\/baralivres.ma\/index.php?rest_route=%2Fwp%2Fv2%2Fproduct_cat&post=10910"},{"taxonomy":"product_tag","embeddable":true,"href":"https:\/\/baralivres.ma\/index.php?rest_route=%2Fwp%2Fv2%2Fproduct_tag&post=10910"}],"curies":[{"name":"wp","href":"https:\/\/api.w.org\/{rel}","templated":true}]}}