{"id":10906,"date":"2023-08-28T18:11:58","date_gmt":"2023-08-28T17:11:58","guid":{"rendered":"https:\/\/baralivres.ma\/?post_type=product&#038;p=10906"},"modified":"2024-11-18T16:34:35","modified_gmt":"2024-11-18T15:34:35","slug":"star-wars-la-galaxie-a-besoin-de-toi","status":"publish","type":"product","link":"https:\/\/baralivres.ma\/?product=star-wars-la-galaxie-a-besoin-de-toi","title":{"rendered":"Star Wars &#8211; La galaxie a besoin de toi"},"content":{"rendered":"<p>Que se passe-t-il apr\u00e8s les films ? Plonge dans l&rsquo;univers de ton personnage Star Warspr\u00e9f\u00e9r\u00e9 pour d\u00e9couvrir ses nouvelles aventures ! Un petit album illustr\u00e9 de 32 pages pour d\u00e9couvrir une nouvelle histoire de Rey ! D\u00e8s 4 ans. L&rsquo;histoire : Rey est une pilleuse d&rsquo;\u00e9paves de la plan\u00e8te Jakku. Le jour o\u00f9 elle rencontre le dro\u00efde BB-8 et Finn, sa vie bascule de fa\u00e7on incroyable et la jeune fille rejoint la R\u00e9sistance.<br \/>\nD\u00e9couvre dans ce livre tout ce qui caract\u00e9rise cette h\u00e9ro\u00efne capable de ma\u00eetriser la Force !<\/p>\n","protected":false},"excerpt":{"rendered":"<p>Que se passe-t-il apr\u00e8s les films ? Plonge dans l&rsquo;univers de ton personnage Star Warspr\u00e9f\u00e9r\u00e9 pour d\u00e9couvrir ses nouvelles aventures ! Un petit album illustr\u00e9 de 32 pages pour d\u00e9couvrir une nouvelle histoire de Rey ! D\u00e8s 4 ans.<\/p>\n","protected":false},"featured_media":10908,"comment_status":"open","ping_status":"closed","template":"","meta":{"inline_featured_image":false},"product_cat":[3877,199],"product_tag":[],"class_list":{"0":"post-10906","1":"product","2":"type-product","3":"status-publish","4":"has-post-thumbnail","6":"product_cat-les-histoires-francais","7":"product_cat-histoires","9":"first","10":"instock","11":"shipping-taxable","12":"purchasable","13":"product-type-simple"},"_links":{"self":[{"href":"https:\/\/baralivres.ma\/index.php?rest_route=\/wp\/v2\/product\/10906","targetHints":{"allow":["GET"]}}],"collection":[{"href":"https:\/\/baralivres.ma\/index.php?rest_route=\/wp\/v2\/product"}],"about":[{"href":"https:\/\/baralivres.ma\/index.php?rest_route=\/wp\/v2\/types\/product"}],"replies":[{"embeddable":true,"href":"https:\/\/baralivres.ma\/index.php?rest_route=%2Fwp%2Fv2%2Fcomments&post=10906"}],"version-history":[{"count":1,"href":"https:\/\/baralivres.ma\/index.php?rest_route=\/wp\/v2\/product\/10906\/revisions"}],"predecessor-version":[{"id":10909,"href":"https:\/\/baralivres.ma\/index.php?rest_route=\/wp\/v2\/product\/10906\/revisions\/10909"}],"wp:featuredmedia":[{"embeddable":true,"href":"https:\/\/baralivres.ma\/index.php?rest_route=\/wp\/v2\/media\/10908"}],"wp:attachment":[{"href":"https:\/\/baralivres.ma\/index.php?rest_route=%2Fwp%2Fv2%2Fmedia&parent=10906"}],"wp:term":[{"taxonomy":"product_cat","embeddable":true,"href":"https:\/\/baralivres.ma\/index.php?rest_route=%2Fwp%2Fv2%2Fproduct_cat&post=10906"},{"taxonomy":"product_tag","embeddable":true,"href":"https:\/\/baralivres.ma\/index.php?rest_route=%2Fwp%2Fv2%2Fproduct_tag&post=10906"}],"curies":[{"name":"wp","href":"https:\/\/api.w.org\/{rel}","templated":true}]}}