{"id":10904,"date":"2023-08-28T18:12:14","date_gmt":"2023-08-28T17:12:14","guid":{"rendered":"https:\/\/baralivres.ma\/?post_type=product&#038;p=10904"},"modified":"2024-10-29T13:23:31","modified_gmt":"2024-10-29T12:23:31","slug":"cest-moi-le-plus-fort","status":"publish","type":"product","link":"https:\/\/baralivres.ma\/?product=cest-moi-le-plus-fort","title":{"rendered":"C&rsquo;est moi le plus fort !"},"content":{"rendered":"<p>La collection de cartes \u00e0 jouer Disney ! Des jeux et des th\u00e8mes appr\u00e9ci\u00e9s par les enfants de 4 \u00e0 7 ans. Un packaging tr\u00e8s pratique pour ranger les cartes \u00e0 la fin de la partie (fermeture magn\u00e9tique de la bo\u00eete) et une identit\u00e9 visuelle qui donne envie de collectionner les bo\u00eetes. Le jeu : le joueur qui d\u00e9pose la carte la plus forte remporte le pli. Le joueur qui a d\u00e9poss\u00e9d\u00e9 tous les autres joueurs de leurs cartes remporte la partie.<br \/>\nUn jeu de bataille.<\/p>\n","protected":false},"excerpt":{"rendered":"<p>La collection de cartes \u00e0 jouer Disney ! Des jeux et des th\u00e8mes appr\u00e9ci\u00e9s par les enfants de 4 \u00e0 7 ans. Un packaging tr\u00e8s pratique pour ranger les cartes \u00e0 la fin de la partie (fermeture magn\u00e9tique de la bo\u00eete) et une identit\u00e9 visuelle qui donne envie de collectionner les bo\u00eetes. Le jeu : [&hellip;]<\/p>\n","protected":false},"featured_media":10907,"comment_status":"open","ping_status":"closed","template":"","meta":{"inline_featured_image":false},"product_cat":[3875,201,200],"product_tag":[],"class_list":{"0":"post-10904","1":"product","2":"type-product","3":"status-publish","4":"has-post-thumbnail","6":"product_cat-coffret-francais","7":"product_cat-coffret","8":"product_cat-activites","10":"first","11":"instock","12":"shipping-taxable","13":"purchasable","14":"product-type-simple"},"_links":{"self":[{"href":"https:\/\/baralivres.ma\/index.php?rest_route=\/wp\/v2\/product\/10904","targetHints":{"allow":["GET"]}}],"collection":[{"href":"https:\/\/baralivres.ma\/index.php?rest_route=\/wp\/v2\/product"}],"about":[{"href":"https:\/\/baralivres.ma\/index.php?rest_route=\/wp\/v2\/types\/product"}],"replies":[{"embeddable":true,"href":"https:\/\/baralivres.ma\/index.php?rest_route=%2Fwp%2Fv2%2Fcomments&post=10904"}],"version-history":[{"count":1,"href":"https:\/\/baralivres.ma\/index.php?rest_route=\/wp\/v2\/product\/10904\/revisions"}],"predecessor-version":[{"id":10911,"href":"https:\/\/baralivres.ma\/index.php?rest_route=\/wp\/v2\/product\/10904\/revisions\/10911"}],"wp:featuredmedia":[{"embeddable":true,"href":"https:\/\/baralivres.ma\/index.php?rest_route=\/wp\/v2\/media\/10907"}],"wp:attachment":[{"href":"https:\/\/baralivres.ma\/index.php?rest_route=%2Fwp%2Fv2%2Fmedia&parent=10904"}],"wp:term":[{"taxonomy":"product_cat","embeddable":true,"href":"https:\/\/baralivres.ma\/index.php?rest_route=%2Fwp%2Fv2%2Fproduct_cat&post=10904"},{"taxonomy":"product_tag","embeddable":true,"href":"https:\/\/baralivres.ma\/index.php?rest_route=%2Fwp%2Fv2%2Fproduct_tag&post=10904"}],"curies":[{"name":"wp","href":"https:\/\/api.w.org\/{rel}","templated":true}]}}