{"id":10902,"date":"2023-08-28T18:09:58","date_gmt":"2023-08-28T17:09:58","guid":{"rendered":"https:\/\/baralivres.ma\/?post_type=product&#038;p=10902"},"modified":"2024-11-18T16:35:24","modified_gmt":"2024-11-18T15:35:24","slug":"hello-kitty-fete-noel","status":"publish","type":"product","link":"https:\/\/baralivres.ma\/?product=hello-kitty-fete-noel","title":{"rendered":"Hello Kitty f\u00eate No\u00ebl"},"content":{"rendered":"<p>C&rsquo;est la veille de No\u00ebl chez Hello Kitty ! Toute la famille se pr\u00e9pare : Hello Kitty et Mimmy cuisinent des petits biscuits avec Maman, puis Papa les aide \u00e0 d\u00e9corer le sapin. Tout le monde attend l&rsquo;arriv\u00e9e du P\u00e8re No\u00ebl avec impatience !<\/p>\n","protected":false},"excerpt":{"rendered":"<p>C&rsquo;est la veille de No\u00ebl chez Hello Kitty ! Toute la famille se pr\u00e9pare : Hello Kitty et Mimmy cuisinent des petits biscuits avec Maman, puis Papa les aide \u00e0 d\u00e9corer le sapin. Tout le monde attend l&rsquo;arriv\u00e9e du P\u00e8re No\u00ebl avec impatience !<\/p>\n","protected":false},"featured_media":10903,"comment_status":"open","ping_status":"closed","template":"","meta":{"inline_featured_image":false},"product_cat":[3877,199],"product_tag":[],"class_list":{"0":"post-10902","1":"product","2":"type-product","3":"status-publish","4":"has-post-thumbnail","6":"product_cat-les-histoires-francais","7":"product_cat-histoires","9":"first","10":"instock","11":"shipping-taxable","12":"purchasable","13":"product-type-simple"},"_links":{"self":[{"href":"https:\/\/baralivres.ma\/index.php?rest_route=\/wp\/v2\/product\/10902","targetHints":{"allow":["GET"]}}],"collection":[{"href":"https:\/\/baralivres.ma\/index.php?rest_route=\/wp\/v2\/product"}],"about":[{"href":"https:\/\/baralivres.ma\/index.php?rest_route=\/wp\/v2\/types\/product"}],"replies":[{"embeddable":true,"href":"https:\/\/baralivres.ma\/index.php?rest_route=%2Fwp%2Fv2%2Fcomments&post=10902"}],"version-history":[{"count":1,"href":"https:\/\/baralivres.ma\/index.php?rest_route=\/wp\/v2\/product\/10902\/revisions"}],"predecessor-version":[{"id":10905,"href":"https:\/\/baralivres.ma\/index.php?rest_route=\/wp\/v2\/product\/10902\/revisions\/10905"}],"wp:featuredmedia":[{"embeddable":true,"href":"https:\/\/baralivres.ma\/index.php?rest_route=\/wp\/v2\/media\/10903"}],"wp:attachment":[{"href":"https:\/\/baralivres.ma\/index.php?rest_route=%2Fwp%2Fv2%2Fmedia&parent=10902"}],"wp:term":[{"taxonomy":"product_cat","embeddable":true,"href":"https:\/\/baralivres.ma\/index.php?rest_route=%2Fwp%2Fv2%2Fproduct_cat&post=10902"},{"taxonomy":"product_tag","embeddable":true,"href":"https:\/\/baralivres.ma\/index.php?rest_route=%2Fwp%2Fv2%2Fproduct_tag&post=10902"}],"curies":[{"name":"wp","href":"https:\/\/api.w.org\/{rel}","templated":true}]}}