{"id":10897,"date":"2023-08-28T18:08:16","date_gmt":"2023-08-28T17:08:16","guid":{"rendered":"https:\/\/baralivres.ma\/?post_type=product&#038;p=10897"},"modified":"2024-11-18T16:35:39","modified_gmt":"2024-11-18T15:35:39","slug":"enchantimals","status":"publish","type":"product","link":"https:\/\/baralivres.ma\/?product=enchantimals","title":{"rendered":"Enchantimals"},"content":{"rendered":"<p>Danessa et Sprint ont trouv\u00e9 un adorable b\u00e9b\u00e9 porc-\u00e9pic dans la for\u00eat ! Ils vont pouvoir s&rsquo;occuper de lui. Mais le petit animal n&rsquo;arr\u00eate pas de pleurer : Danessa pourra-t-elle lui redonner le sourire ?<\/p>\n","protected":false},"excerpt":{"rendered":"<p>Danessa et Sprint ont trouv\u00e9 un adorable b\u00e9b\u00e9 porc-\u00e9pic dans la for\u00eat ! Ils vont pouvoir s&rsquo;occuper de lui. Mais le petit animal n&rsquo;arr\u00eate pas de pleurer : Danessa pourra-t-elle lui redonner le sourire ?<\/p>\n","protected":false},"featured_media":10898,"comment_status":"open","ping_status":"closed","template":"","meta":{"inline_featured_image":false},"product_cat":[3877,199],"product_tag":[],"class_list":{"0":"post-10897","1":"product","2":"type-product","3":"status-publish","4":"has-post-thumbnail","6":"product_cat-les-histoires-francais","7":"product_cat-histoires","9":"first","10":"instock","11":"shipping-taxable","12":"purchasable","13":"product-type-simple"},"_links":{"self":[{"href":"https:\/\/baralivres.ma\/index.php?rest_route=\/wp\/v2\/product\/10897","targetHints":{"allow":["GET"]}}],"collection":[{"href":"https:\/\/baralivres.ma\/index.php?rest_route=\/wp\/v2\/product"}],"about":[{"href":"https:\/\/baralivres.ma\/index.php?rest_route=\/wp\/v2\/types\/product"}],"replies":[{"embeddable":true,"href":"https:\/\/baralivres.ma\/index.php?rest_route=%2Fwp%2Fv2%2Fcomments&post=10897"}],"version-history":[{"count":1,"href":"https:\/\/baralivres.ma\/index.php?rest_route=\/wp\/v2\/product\/10897\/revisions"}],"predecessor-version":[{"id":10900,"href":"https:\/\/baralivres.ma\/index.php?rest_route=\/wp\/v2\/product\/10897\/revisions\/10900"}],"wp:featuredmedia":[{"embeddable":true,"href":"https:\/\/baralivres.ma\/index.php?rest_route=\/wp\/v2\/media\/10898"}],"wp:attachment":[{"href":"https:\/\/baralivres.ma\/index.php?rest_route=%2Fwp%2Fv2%2Fmedia&parent=10897"}],"wp:term":[{"taxonomy":"product_cat","embeddable":true,"href":"https:\/\/baralivres.ma\/index.php?rest_route=%2Fwp%2Fv2%2Fproduct_cat&post=10897"},{"taxonomy":"product_tag","embeddable":true,"href":"https:\/\/baralivres.ma\/index.php?rest_route=%2Fwp%2Fv2%2Fproduct_tag&post=10897"}],"curies":[{"name":"wp","href":"https:\/\/api.w.org\/{rel}","templated":true}]}}