{"id":10892,"date":"2023-08-28T18:06:42","date_gmt":"2023-08-28T17:06:42","guid":{"rendered":"https:\/\/baralivres.ma\/?post_type=product&#038;p=10892"},"modified":"2024-11-22T11:49:45","modified_gmt":"2024-11-22T10:49:45","slug":"bienvenue-a-zahramay","status":"publish","type":"product","link":"https:\/\/baralivres.ma\/?product=bienvenue-a-zahramay","title":{"rendered":"Bienvenue \u00e0 Zahramay"},"content":{"rendered":"<p>Shimmer et Shine, les deux g\u00e9nies pleines d&rsquo;\u00e9nergies sont ravies : leur mentor Princesse Samira vient de leur confier le joyau d&rsquo;\u00e9closion ! zeta la sorci\u00e8re concocte alors une potion pour leur voler mais elle attire accidentellement les humains L\u00e9a et Zac dans le monde des g\u00e9nies ! Comment les jumelles vont-elles faire pour r\u00e9cup\u00e9rer le joyau ?<\/p>\n","protected":false},"excerpt":{"rendered":"<p>Shimmer et Shine, les deux g\u00e9nies pleines d&rsquo;\u00e9nergies sont ravies : leur mentor Princesse Samira vient de leur confier le joyau d&rsquo;\u00e9closion ! zeta la sorci\u00e8re concocte alors une potion pour leur voler mais elle attire accidentellement les humains L\u00e9a et Zac dans le monde des g\u00e9nies ! Comment les jumelles vont-elles faire pour r\u00e9cup\u00e9rer le joyau ?<\/p>\n","protected":false},"featured_media":10893,"comment_status":"open","ping_status":"closed","template":"","meta":{"inline_featured_image":false},"product_cat":[3877,199],"product_tag":[],"class_list":{"0":"post-10892","1":"product","2":"type-product","3":"status-publish","4":"has-post-thumbnail","6":"product_cat-les-histoires-francais","7":"product_cat-histoires","9":"first","10":"instock","11":"shipping-taxable","12":"purchasable","13":"product-type-simple"},"_links":{"self":[{"href":"https:\/\/baralivres.ma\/index.php?rest_route=\/wp\/v2\/product\/10892","targetHints":{"allow":["GET"]}}],"collection":[{"href":"https:\/\/baralivres.ma\/index.php?rest_route=\/wp\/v2\/product"}],"about":[{"href":"https:\/\/baralivres.ma\/index.php?rest_route=\/wp\/v2\/types\/product"}],"replies":[{"embeddable":true,"href":"https:\/\/baralivres.ma\/index.php?rest_route=%2Fwp%2Fv2%2Fcomments&post=10892"}],"version-history":[{"count":1,"href":"https:\/\/baralivres.ma\/index.php?rest_route=\/wp\/v2\/product\/10892\/revisions"}],"predecessor-version":[{"id":10894,"href":"https:\/\/baralivres.ma\/index.php?rest_route=\/wp\/v2\/product\/10892\/revisions\/10894"}],"wp:featuredmedia":[{"embeddable":true,"href":"https:\/\/baralivres.ma\/index.php?rest_route=\/wp\/v2\/media\/10893"}],"wp:attachment":[{"href":"https:\/\/baralivres.ma\/index.php?rest_route=%2Fwp%2Fv2%2Fmedia&parent=10892"}],"wp:term":[{"taxonomy":"product_cat","embeddable":true,"href":"https:\/\/baralivres.ma\/index.php?rest_route=%2Fwp%2Fv2%2Fproduct_cat&post=10892"},{"taxonomy":"product_tag","embeddable":true,"href":"https:\/\/baralivres.ma\/index.php?rest_route=%2Fwp%2Fv2%2Fproduct_tag&post=10892"}],"curies":[{"name":"wp","href":"https:\/\/api.w.org\/{rel}","templated":true}]}}