{"id":10888,"date":"2023-08-28T18:04:55","date_gmt":"2023-08-28T17:04:55","guid":{"rendered":"https:\/\/baralivres.ma\/?post_type=product&#038;p=10888"},"modified":"2024-11-18T16:38:34","modified_gmt":"2024-11-18T15:38:34","slug":"le-bal-masque","status":"publish","type":"product","link":"https:\/\/baralivres.ma\/?product=le-bal-masque","title":{"rendered":"Le bal masqu\u00e9"},"content":{"rendered":"<p>L\u00e9a et les g\u00e9nies sont tout excit\u00e9es : un magnifique bal masqu\u00e9 est organis\u00e9 au palais ce soir. Shine a h\u00e2te de participer au concours du plus beau masque pour gagner le droit de porter le diad\u00e8me royal toute la soir\u00e9e ! Evidemment, Zeta a d\u00e9cid\u00e9 de profiter de cette soir\u00e9e pour le d\u00e9rober ! Les amies r\u00e9ussiront-elles \u00e0 d\u00e9jouer son plan ?<\/p>\n","protected":false},"excerpt":{"rendered":"<p>L\u00e9a et les g\u00e9nies sont tout excit\u00e9es : un magnifique bal masqu\u00e9 est organis\u00e9 au palais ce soir. Shine a h\u00e2te de participer au concours du plus beau masque pour gagner le droit de porter le diad\u00e8me royal toute la soir\u00e9e ! Evidemment, Zeta a d\u00e9cid\u00e9 de profiter de cette soir\u00e9e pour le d\u00e9rober ! Les amies r\u00e9ussiront-elles \u00e0 d\u00e9jouer son plan ?<\/p>\n","protected":false},"featured_media":10889,"comment_status":"open","ping_status":"closed","template":"","meta":{"inline_featured_image":false},"product_cat":[3877,199],"product_tag":[],"class_list":{"0":"post-10888","1":"product","2":"type-product","3":"status-publish","4":"has-post-thumbnail","6":"product_cat-les-histoires-francais","7":"product_cat-histoires","9":"first","10":"instock","11":"shipping-taxable","12":"purchasable","13":"product-type-simple"},"_links":{"self":[{"href":"https:\/\/baralivres.ma\/index.php?rest_route=\/wp\/v2\/product\/10888","targetHints":{"allow":["GET"]}}],"collection":[{"href":"https:\/\/baralivres.ma\/index.php?rest_route=\/wp\/v2\/product"}],"about":[{"href":"https:\/\/baralivres.ma\/index.php?rest_route=\/wp\/v2\/types\/product"}],"replies":[{"embeddable":true,"href":"https:\/\/baralivres.ma\/index.php?rest_route=%2Fwp%2Fv2%2Fcomments&post=10888"}],"version-history":[{"count":1,"href":"https:\/\/baralivres.ma\/index.php?rest_route=\/wp\/v2\/product\/10888\/revisions"}],"predecessor-version":[{"id":10890,"href":"https:\/\/baralivres.ma\/index.php?rest_route=\/wp\/v2\/product\/10888\/revisions\/10890"}],"wp:featuredmedia":[{"embeddable":true,"href":"https:\/\/baralivres.ma\/index.php?rest_route=\/wp\/v2\/media\/10889"}],"wp:attachment":[{"href":"https:\/\/baralivres.ma\/index.php?rest_route=%2Fwp%2Fv2%2Fmedia&parent=10888"}],"wp:term":[{"taxonomy":"product_cat","embeddable":true,"href":"https:\/\/baralivres.ma\/index.php?rest_route=%2Fwp%2Fv2%2Fproduct_cat&post=10888"},{"taxonomy":"product_tag","embeddable":true,"href":"https:\/\/baralivres.ma\/index.php?rest_route=%2Fwp%2Fv2%2Fproduct_tag&post=10888"}],"curies":[{"name":"wp","href":"https:\/\/api.w.org\/{rel}","templated":true}]}}