{"id":10884,"date":"2023-08-28T18:02:31","date_gmt":"2023-08-28T17:02:31","guid":{"rendered":"https:\/\/baralivres.ma\/?post_type=product&#038;p=10884"},"modified":"2024-11-18T16:38:52","modified_gmt":"2024-11-18T15:38:52","slug":"une-amie-invisible","status":"publish","type":"product","link":"https:\/\/baralivres.ma\/?product=une-amie-invisible","title":{"rendered":"Une amie invisible"},"content":{"rendered":"<p>Zeta et Nazboo sont \u00e0 la recherche du renard de Zahramay pour concocter une potion d&rsquo;invisibilit\u00e9. Au m\u00eame moment, L\u00e9a, Shimmer et Shine d\u00e9cident de partir pique-niquer. Quelle aubaine pour la sorci\u00e8re ! En l&rsquo;absence des g\u00e9nies, elle va pouvoir leur voler tous leurs joyaux ! Mais Zeta n&rsquo;est pas la seule \u00e0 pouvoir se rendre invisible&#8230;<\/p>\n","protected":false},"excerpt":{"rendered":"<p>Zeta et Nazboo sont \u00e0 la recherche du renard de Zahramay pour concocter une potion d&rsquo;invisibilit\u00e9. Au m\u00eame moment, L\u00e9a, Shimmer et Shine d\u00e9cident de partir pique-niquer. Quelle aubaine pour la sorci\u00e8re ! En l&rsquo;absence des g\u00e9nies, elle va pouvoir leur voler tous leurs joyaux ! Mais Zeta n&rsquo;est pas la seule \u00e0 pouvoir se rendre invisible&#8230;<\/p>\n","protected":false},"featured_media":10885,"comment_status":"open","ping_status":"closed","template":"","meta":{"inline_featured_image":false},"product_cat":[3877,199],"product_tag":[],"class_list":{"0":"post-10884","1":"product","2":"type-product","3":"status-publish","4":"has-post-thumbnail","6":"product_cat-les-histoires-francais","7":"product_cat-histoires","9":"first","10":"instock","11":"shipping-taxable","12":"purchasable","13":"product-type-simple"},"_links":{"self":[{"href":"https:\/\/baralivres.ma\/index.php?rest_route=\/wp\/v2\/product\/10884","targetHints":{"allow":["GET"]}}],"collection":[{"href":"https:\/\/baralivres.ma\/index.php?rest_route=\/wp\/v2\/product"}],"about":[{"href":"https:\/\/baralivres.ma\/index.php?rest_route=\/wp\/v2\/types\/product"}],"replies":[{"embeddable":true,"href":"https:\/\/baralivres.ma\/index.php?rest_route=%2Fwp%2Fv2%2Fcomments&post=10884"}],"version-history":[{"count":1,"href":"https:\/\/baralivres.ma\/index.php?rest_route=\/wp\/v2\/product\/10884\/revisions"}],"predecessor-version":[{"id":10886,"href":"https:\/\/baralivres.ma\/index.php?rest_route=\/wp\/v2\/product\/10884\/revisions\/10886"}],"wp:featuredmedia":[{"embeddable":true,"href":"https:\/\/baralivres.ma\/index.php?rest_route=\/wp\/v2\/media\/10885"}],"wp:attachment":[{"href":"https:\/\/baralivres.ma\/index.php?rest_route=%2Fwp%2Fv2%2Fmedia&parent=10884"}],"wp:term":[{"taxonomy":"product_cat","embeddable":true,"href":"https:\/\/baralivres.ma\/index.php?rest_route=%2Fwp%2Fv2%2Fproduct_cat&post=10884"},{"taxonomy":"product_tag","embeddable":true,"href":"https:\/\/baralivres.ma\/index.php?rest_route=%2Fwp%2Fv2%2Fproduct_tag&post=10884"}],"curies":[{"name":"wp","href":"https:\/\/api.w.org\/{rel}","templated":true}]}}