{"id":10881,"date":"2023-08-28T18:05:00","date_gmt":"2023-08-28T17:05:00","guid":{"rendered":"https:\/\/baralivres.ma\/?post_type=product&#038;p=10881"},"modified":"2024-10-29T13:25:38","modified_gmt":"2024-10-29T12:25:38","slug":"star-wars-tes-qui-toi","status":"publish","type":"product","link":"https:\/\/baralivres.ma\/?product=star-wars-tes-qui-toi","title":{"rendered":"Star Wars T&rsquo;es qui toi ?"},"content":{"rendered":"<p>Une nouvelle collection de cartes \u00e0 jouer Disney ! Des jeux et des th\u00e8mes appr\u00e9ci\u00e9s par les enfants de 4 \u00e0 7 ans. Un packaging tr\u00e8s pratique pour ranger les cartes \u00e0 la fin de la partie. Fermeture magn\u00e9tique de la bo\u00eete. Une identit\u00e9 visuelle qui donne envie de collectionner les bo\u00eetes. Le jeu : Pour gagner, il faut deviner le personnage myst\u00e8re que poss\u00e8de son adversaire en posant un tas de questions.<\/p>\n","protected":false},"excerpt":{"rendered":"<p>Des jeux et des th\u00e8mes appr\u00e9ci\u00e9s par les enfants de 4 \u00e0 7 ans.<\/p>\n","protected":false},"featured_media":10887,"comment_status":"open","ping_status":"closed","template":"","meta":{"inline_featured_image":false},"product_cat":[3875,201,200],"product_tag":[],"class_list":{"0":"post-10881","1":"product","2":"type-product","3":"status-publish","4":"has-post-thumbnail","6":"product_cat-coffret-francais","7":"product_cat-coffret","8":"product_cat-activites","10":"first","11":"instock","12":"shipping-taxable","13":"purchasable","14":"product-type-simple"},"_links":{"self":[{"href":"https:\/\/baralivres.ma\/index.php?rest_route=\/wp\/v2\/product\/10881","targetHints":{"allow":["GET"]}}],"collection":[{"href":"https:\/\/baralivres.ma\/index.php?rest_route=\/wp\/v2\/product"}],"about":[{"href":"https:\/\/baralivres.ma\/index.php?rest_route=\/wp\/v2\/types\/product"}],"replies":[{"embeddable":true,"href":"https:\/\/baralivres.ma\/index.php?rest_route=%2Fwp%2Fv2%2Fcomments&post=10881"}],"version-history":[{"count":1,"href":"https:\/\/baralivres.ma\/index.php?rest_route=\/wp\/v2\/product\/10881\/revisions"}],"predecessor-version":[{"id":10891,"href":"https:\/\/baralivres.ma\/index.php?rest_route=\/wp\/v2\/product\/10881\/revisions\/10891"}],"wp:featuredmedia":[{"embeddable":true,"href":"https:\/\/baralivres.ma\/index.php?rest_route=\/wp\/v2\/media\/10887"}],"wp:attachment":[{"href":"https:\/\/baralivres.ma\/index.php?rest_route=%2Fwp%2Fv2%2Fmedia&parent=10881"}],"wp:term":[{"taxonomy":"product_cat","embeddable":true,"href":"https:\/\/baralivres.ma\/index.php?rest_route=%2Fwp%2Fv2%2Fproduct_cat&post=10881"},{"taxonomy":"product_tag","embeddable":true,"href":"https:\/\/baralivres.ma\/index.php?rest_route=%2Fwp%2Fv2%2Fproduct_tag&post=10881"}],"curies":[{"name":"wp","href":"https:\/\/api.w.org\/{rel}","templated":true}]}}