{"id":10880,"date":"2023-08-28T18:00:37","date_gmt":"2023-08-28T17:00:37","guid":{"rendered":"https:\/\/baralivres.ma\/?post_type=product&#038;p=10880"},"modified":"2024-11-18T16:39:11","modified_gmt":"2024-11-18T15:39:11","slug":"joyeux-anniversaire-les-trolls","status":"publish","type":"product","link":"https:\/\/baralivres.ma\/?product=joyeux-anniversaire-les-trolls","title":{"rendered":"Joyeux anniversaire ! Les Trolls"},"content":{"rendered":"<p>Demain, c&rsquo;est l&rsquo;anniversaire de Branche ! Et Poppy a tout pr\u00e9vu pour ce grand \u00e9v\u00e9nement. Mais elle apprend que c&rsquo;est \u00e9galement l&rsquo;anniversaire de Brigitte ! Catastrophe ! Poppy pourra-t-elle c\u00e9l\u00e9brer les deux f\u00eates en m\u00eame temps ?<\/p>\n","protected":false},"excerpt":{"rendered":"<p>Demain, c&rsquo;est l&rsquo;anniversaire de Branche ! Et Poppy a tout pr\u00e9vu pour ce grand \u00e9v\u00e9nement. Mais elle apprend que c&rsquo;est \u00e9galement l&rsquo;anniversaire de Brigitte ! Catastrophe ! Poppy pourra-t-elle c\u00e9l\u00e9brer les deux f\u00eates en m\u00eame temps ?<\/p>\n","protected":false},"featured_media":10882,"comment_status":"open","ping_status":"closed","template":"","meta":{"inline_featured_image":false},"product_cat":[3877,199],"product_tag":[],"class_list":{"0":"post-10880","1":"product","2":"type-product","3":"status-publish","4":"has-post-thumbnail","6":"product_cat-les-histoires-francais","7":"product_cat-histoires","9":"first","10":"instock","11":"shipping-taxable","12":"purchasable","13":"product-type-simple"},"_links":{"self":[{"href":"https:\/\/baralivres.ma\/index.php?rest_route=\/wp\/v2\/product\/10880","targetHints":{"allow":["GET"]}}],"collection":[{"href":"https:\/\/baralivres.ma\/index.php?rest_route=\/wp\/v2\/product"}],"about":[{"href":"https:\/\/baralivres.ma\/index.php?rest_route=\/wp\/v2\/types\/product"}],"replies":[{"embeddable":true,"href":"https:\/\/baralivres.ma\/index.php?rest_route=%2Fwp%2Fv2%2Fcomments&post=10880"}],"version-history":[{"count":1,"href":"https:\/\/baralivres.ma\/index.php?rest_route=\/wp\/v2\/product\/10880\/revisions"}],"predecessor-version":[{"id":10883,"href":"https:\/\/baralivres.ma\/index.php?rest_route=\/wp\/v2\/product\/10880\/revisions\/10883"}],"wp:featuredmedia":[{"embeddable":true,"href":"https:\/\/baralivres.ma\/index.php?rest_route=\/wp\/v2\/media\/10882"}],"wp:attachment":[{"href":"https:\/\/baralivres.ma\/index.php?rest_route=%2Fwp%2Fv2%2Fmedia&parent=10880"}],"wp:term":[{"taxonomy":"product_cat","embeddable":true,"href":"https:\/\/baralivres.ma\/index.php?rest_route=%2Fwp%2Fv2%2Fproduct_cat&post=10880"},{"taxonomy":"product_tag","embeddable":true,"href":"https:\/\/baralivres.ma\/index.php?rest_route=%2Fwp%2Fv2%2Fproduct_tag&post=10880"}],"curies":[{"name":"wp","href":"https:\/\/api.w.org\/{rel}","templated":true}]}}