{"id":10875,"date":"2023-08-28T17:58:50","date_gmt":"2023-08-28T16:58:50","guid":{"rendered":"https:\/\/baralivres.ma\/?post_type=product&#038;p=10875"},"modified":"2024-11-18T16:39:28","modified_gmt":"2024-11-18T15:39:28","slug":"les-trolls-vive-lamitie","status":"publish","type":"product","link":"https:\/\/baralivres.ma\/?product=les-trolls-vive-lamitie","title":{"rendered":"Les Trolls &#8211; Vive l&rsquo;amiti\u00e9 !"},"content":{"rendered":"<p>Depuis que les Trolls et les Bergens se sont r\u00e9concili\u00e9s, Poppy n&rsquo;a qu&rsquo;une h\u00e2te : organiser une f\u00eate pour r\u00e9unir tout le monde ! Mais les Trolls se m\u00e9fient&#8230; Et si les Bergens \u00e9taient toujours une menace ?<\/p>\n","protected":false},"excerpt":{"rendered":"<p>Depuis que les Trolls et les Bergens se sont r\u00e9concili\u00e9s, Poppy n&rsquo;a qu&rsquo;une h\u00e2te : organiser une f\u00eate pour r\u00e9unir tout le monde ! Mais les Trolls se m\u00e9fient&#8230; Et si les Bergens \u00e9taient toujours une menace ?<\/p>\n","protected":false},"featured_media":10877,"comment_status":"open","ping_status":"closed","template":"","meta":{"inline_featured_image":false},"product_cat":[3877,199],"product_tag":[],"class_list":{"0":"post-10875","1":"product","2":"type-product","3":"status-publish","4":"has-post-thumbnail","6":"product_cat-les-histoires-francais","7":"product_cat-histoires","9":"first","10":"instock","11":"shipping-taxable","12":"purchasable","13":"product-type-simple"},"_links":{"self":[{"href":"https:\/\/baralivres.ma\/index.php?rest_route=\/wp\/v2\/product\/10875","targetHints":{"allow":["GET"]}}],"collection":[{"href":"https:\/\/baralivres.ma\/index.php?rest_route=\/wp\/v2\/product"}],"about":[{"href":"https:\/\/baralivres.ma\/index.php?rest_route=\/wp\/v2\/types\/product"}],"replies":[{"embeddable":true,"href":"https:\/\/baralivres.ma\/index.php?rest_route=%2Fwp%2Fv2%2Fcomments&post=10875"}],"version-history":[{"count":1,"href":"https:\/\/baralivres.ma\/index.php?rest_route=\/wp\/v2\/product\/10875\/revisions"}],"predecessor-version":[{"id":10878,"href":"https:\/\/baralivres.ma\/index.php?rest_route=\/wp\/v2\/product\/10875\/revisions\/10878"}],"wp:featuredmedia":[{"embeddable":true,"href":"https:\/\/baralivres.ma\/index.php?rest_route=\/wp\/v2\/media\/10877"}],"wp:attachment":[{"href":"https:\/\/baralivres.ma\/index.php?rest_route=%2Fwp%2Fv2%2Fmedia&parent=10875"}],"wp:term":[{"taxonomy":"product_cat","embeddable":true,"href":"https:\/\/baralivres.ma\/index.php?rest_route=%2Fwp%2Fv2%2Fproduct_cat&post=10875"},{"taxonomy":"product_tag","embeddable":true,"href":"https:\/\/baralivres.ma\/index.php?rest_route=%2Fwp%2Fv2%2Fproduct_tag&post=10875"}],"curies":[{"name":"wp","href":"https:\/\/api.w.org\/{rel}","templated":true}]}}