{"id":10871,"date":"2023-08-28T17:56:54","date_gmt":"2023-08-28T16:56:54","guid":{"rendered":"https:\/\/baralivres.ma\/?post_type=product&#038;p=10871"},"modified":"2024-11-18T16:39:45","modified_gmt":"2024-11-18T15:39:45","slug":"les-trolls","status":"publish","type":"product","link":"https:\/\/baralivres.ma\/?product=les-trolls","title":{"rendered":"Les Trolls"},"content":{"rendered":"<p>C&rsquo;est la s\u00e9cheresse \u00e0 Trollville, et Branche s&rsquo;inqui\u00e8te&#8230; Nuage-man veut bien ramener la pluie, \u00e0 une condition : que Branche devienne son meilleur ami pendant une journ\u00e9e compl\u00e8te !<\/p>\n","protected":false},"excerpt":{"rendered":"<p>C&rsquo;est la s\u00e9cheresse \u00e0 Trollville, et Branche s&rsquo;inqui\u00e8te&#8230; Nuage-man veut bien ramener la pluie, \u00e0 une condition : que Branche devienne son meilleur ami pendant une journ\u00e9e compl\u00e8te !<\/p>\n","protected":false},"featured_media":10873,"comment_status":"open","ping_status":"closed","template":"","meta":{"inline_featured_image":false},"product_cat":[3877,199],"product_tag":[],"class_list":{"0":"post-10871","1":"product","2":"type-product","3":"status-publish","4":"has-post-thumbnail","6":"product_cat-les-histoires-francais","7":"product_cat-histoires","9":"first","10":"instock","11":"shipping-taxable","12":"purchasable","13":"product-type-simple"},"_links":{"self":[{"href":"https:\/\/baralivres.ma\/index.php?rest_route=\/wp\/v2\/product\/10871","targetHints":{"allow":["GET"]}}],"collection":[{"href":"https:\/\/baralivres.ma\/index.php?rest_route=\/wp\/v2\/product"}],"about":[{"href":"https:\/\/baralivres.ma\/index.php?rest_route=\/wp\/v2\/types\/product"}],"replies":[{"embeddable":true,"href":"https:\/\/baralivres.ma\/index.php?rest_route=%2Fwp%2Fv2%2Fcomments&post=10871"}],"version-history":[{"count":1,"href":"https:\/\/baralivres.ma\/index.php?rest_route=\/wp\/v2\/product\/10871\/revisions"}],"predecessor-version":[{"id":10874,"href":"https:\/\/baralivres.ma\/index.php?rest_route=\/wp\/v2\/product\/10871\/revisions\/10874"}],"wp:featuredmedia":[{"embeddable":true,"href":"https:\/\/baralivres.ma\/index.php?rest_route=\/wp\/v2\/media\/10873"}],"wp:attachment":[{"href":"https:\/\/baralivres.ma\/index.php?rest_route=%2Fwp%2Fv2%2Fmedia&parent=10871"}],"wp:term":[{"taxonomy":"product_cat","embeddable":true,"href":"https:\/\/baralivres.ma\/index.php?rest_route=%2Fwp%2Fv2%2Fproduct_cat&post=10871"},{"taxonomy":"product_tag","embeddable":true,"href":"https:\/\/baralivres.ma\/index.php?rest_route=%2Fwp%2Fv2%2Fproduct_tag&post=10871"}],"curies":[{"name":"wp","href":"https:\/\/api.w.org\/{rel}","templated":true}]}}