{"id":10863,"date":"2023-08-28T17:52:27","date_gmt":"2023-08-28T16:52:27","guid":{"rendered":"https:\/\/baralivres.ma\/?post_type=product&#038;p=10863"},"modified":"2024-11-22T11:50:12","modified_gmt":"2024-11-22T10:50:12","slug":"la-reine-des-neiges-magie-des-aurores-boreales","status":"publish","type":"product","link":"https:\/\/baralivres.ma\/?product=la-reine-des-neiges-magie-des-aurores-boreales","title":{"rendered":"La Reine des Neiges &#8211; Magie des aurores bor\u00e9ales"},"content":{"rendered":"<p>D\u00e9couvre une histoire in\u00e9dite de l&rsquo;univers de La Reine des Neiges. Oaken est si heureux ! C&rsquo;est bient\u00f4t la r\u00e9union de famille annuelle, autour d&rsquo;un bon repas et d&rsquo;un concours d&rsquo;inventions. Oaken a toujours une id\u00e9e mais cette fois, il manque d&rsquo;inspiration. Heureusement, la magie des aurores bor\u00e9ales est l\u00e0 !<\/p>\n","protected":false},"excerpt":{"rendered":"<p>D\u00e9couvre une histoire in\u00e9dite de l&rsquo;univers de La Reine des Neiges. Oaken est si heureux ! C&rsquo;est bient\u00f4t la r\u00e9union de famille annuelle, autour d&rsquo;un bon repas et d&rsquo;un concours d&rsquo;inventions. Oaken a toujours une id\u00e9e mais cette fois, il manque d&rsquo;inspiration. Heureusement, la magie des aurores bor\u00e9ales est l\u00e0 !<\/p>\n","protected":false},"featured_media":10864,"comment_status":"open","ping_status":"closed","template":"","meta":{"inline_featured_image":false},"product_cat":[3877,199],"product_tag":[],"class_list":{"0":"post-10863","1":"product","2":"type-product","3":"status-publish","4":"has-post-thumbnail","6":"product_cat-les-histoires-francais","7":"product_cat-histoires","9":"first","10":"instock","11":"shipping-taxable","12":"purchasable","13":"product-type-simple"},"_links":{"self":[{"href":"https:\/\/baralivres.ma\/index.php?rest_route=\/wp\/v2\/product\/10863","targetHints":{"allow":["GET"]}}],"collection":[{"href":"https:\/\/baralivres.ma\/index.php?rest_route=\/wp\/v2\/product"}],"about":[{"href":"https:\/\/baralivres.ma\/index.php?rest_route=\/wp\/v2\/types\/product"}],"replies":[{"embeddable":true,"href":"https:\/\/baralivres.ma\/index.php?rest_route=%2Fwp%2Fv2%2Fcomments&post=10863"}],"version-history":[{"count":1,"href":"https:\/\/baralivres.ma\/index.php?rest_route=\/wp\/v2\/product\/10863\/revisions"}],"predecessor-version":[{"id":10865,"href":"https:\/\/baralivres.ma\/index.php?rest_route=\/wp\/v2\/product\/10863\/revisions\/10865"}],"wp:featuredmedia":[{"embeddable":true,"href":"https:\/\/baralivres.ma\/index.php?rest_route=\/wp\/v2\/media\/10864"}],"wp:attachment":[{"href":"https:\/\/baralivres.ma\/index.php?rest_route=%2Fwp%2Fv2%2Fmedia&parent=10863"}],"wp:term":[{"taxonomy":"product_cat","embeddable":true,"href":"https:\/\/baralivres.ma\/index.php?rest_route=%2Fwp%2Fv2%2Fproduct_cat&post=10863"},{"taxonomy":"product_tag","embeddable":true,"href":"https:\/\/baralivres.ma\/index.php?rest_route=%2Fwp%2Fv2%2Fproduct_tag&post=10863"}],"curies":[{"name":"wp","href":"https:\/\/api.w.org\/{rel}","templated":true}]}}