{"id":10859,"date":"2023-08-28T17:59:21","date_gmt":"2023-08-28T16:59:21","guid":{"rendered":"https:\/\/baralivres.ma\/?post_type=product&#038;p=10859"},"modified":"2024-10-29T13:25:15","modified_gmt":"2024-10-29T12:25:15","slug":"la-reine-des-neiges-2","status":"publish","type":"product","link":"https:\/\/baralivres.ma\/?product=la-reine-des-neiges-2","title":{"rendered":"LA REINE DES NEIGES 2"},"content":{"rendered":"<p>La collection des cartes \u00e0 jouer Disney ! Des jeux et des th\u00e8mes appr\u00e9ci\u00e9s par les enfants de\u00a05 \u00e0\u00a08 ans. Un packaging tr\u00e8s pratique pour ranger les cartes \u00e0 la fin de la partie. Fermeture magn\u00e9tique de la bo\u00eete. Une identit\u00e9 visuelle qui donne envie de collectionner les bo\u00eetes. Le jeu :\u00a0 mimer un personnage, une action ou un objet et r\u00e9ussir \u00e0 le faire deviner le plus vite possible !<\/p>\n","protected":false},"excerpt":{"rendered":"<div class=\"col-lg-6\">\n<section id=\"content\" class=\"page-content\">\n<div class=\"images-container\">\n<div class=\"product-cover\">\n<div class=\"layer hidden-sm-down\" data-toggle=\"modal\" data-target=\"#product-modal\"><\/div>\n<\/div>\n<\/div>\n<\/section>\n<\/div>\n<div class=\"col-lg-6\">\n<div class=\"product-information\">\n<div id=\"product-description-short-358\" class=\"product-description\">\n<p>La collection des cartes \u00e0 jouer Disney ! Des jeux et des th\u00e8mes appr\u00e9ci\u00e9s par les enfants de\u00a05 \u00e0\u00a08 ans.<\/p>\n<\/div>\n<\/div>\n<\/div>\n","protected":false},"featured_media":10876,"comment_status":"open","ping_status":"closed","template":"","meta":{"inline_featured_image":false},"product_cat":[3875,201,200],"product_tag":[],"class_list":{"0":"post-10859","1":"product","2":"type-product","3":"status-publish","4":"has-post-thumbnail","6":"product_cat-coffret-francais","7":"product_cat-coffret","8":"product_cat-activites","10":"first","11":"instock","12":"shipping-taxable","13":"purchasable","14":"product-type-simple"},"_links":{"self":[{"href":"https:\/\/baralivres.ma\/index.php?rest_route=\/wp\/v2\/product\/10859","targetHints":{"allow":["GET"]}}],"collection":[{"href":"https:\/\/baralivres.ma\/index.php?rest_route=\/wp\/v2\/product"}],"about":[{"href":"https:\/\/baralivres.ma\/index.php?rest_route=\/wp\/v2\/types\/product"}],"replies":[{"embeddable":true,"href":"https:\/\/baralivres.ma\/index.php?rest_route=%2Fwp%2Fv2%2Fcomments&post=10859"}],"version-history":[{"count":1,"href":"https:\/\/baralivres.ma\/index.php?rest_route=\/wp\/v2\/product\/10859\/revisions"}],"predecessor-version":[{"id":10879,"href":"https:\/\/baralivres.ma\/index.php?rest_route=\/wp\/v2\/product\/10859\/revisions\/10879"}],"wp:featuredmedia":[{"embeddable":true,"href":"https:\/\/baralivres.ma\/index.php?rest_route=\/wp\/v2\/media\/10876"}],"wp:attachment":[{"href":"https:\/\/baralivres.ma\/index.php?rest_route=%2Fwp%2Fv2%2Fmedia&parent=10859"}],"wp:term":[{"taxonomy":"product_cat","embeddable":true,"href":"https:\/\/baralivres.ma\/index.php?rest_route=%2Fwp%2Fv2%2Fproduct_cat&post=10859"},{"taxonomy":"product_tag","embeddable":true,"href":"https:\/\/baralivres.ma\/index.php?rest_route=%2Fwp%2Fv2%2Fproduct_tag&post=10859"}],"curies":[{"name":"wp","href":"https:\/\/api.w.org\/{rel}","templated":true}]}}