{"id":10855,"date":"2023-08-28T17:49:21","date_gmt":"2023-08-28T16:49:21","guid":{"rendered":"https:\/\/baralivres.ma\/?post_type=product&#038;p=10855"},"modified":"2024-11-18T16:40:55","modified_gmt":"2024-11-18T15:40:55","slug":"vive-le-vent","status":"publish","type":"product","link":"https:\/\/baralivres.ma\/?product=vive-le-vent","title":{"rendered":"Vive le vent"},"content":{"rendered":"<p>Ce matin, c&rsquo;est grand vent ! Dune et Flam vont faire la course. Le premier arriv\u00e9 \u00e0 la cabane a le droit de choisir le jeu de la matin\u00e9e ! Flam part \u00e0 toute vitesse alors que Dune est \u00e0 la tra\u00eene. Heureusement elle n&rsquo;est jamais \u00e0 court d&rsquo;id\u00e9es pour gagner !<\/p>\n","protected":false},"excerpt":{"rendered":"<p>Ce matin, c&rsquo;est grand vent ! Dune et Flam vont faire la course. Le premier arriv\u00e9 \u00e0 la cabane a le droit de choisir le jeu de la matin\u00e9e ! Flam part \u00e0 toute vitesse alors que Dune est \u00e0 la tra\u00eene. Heureusement elle n&rsquo;est jamais \u00e0 court d&rsquo;id\u00e9es pour gagner !<\/p>\n","protected":false},"featured_media":10856,"comment_status":"open","ping_status":"closed","template":"","meta":{"inline_featured_image":false},"product_cat":[3877,199],"product_tag":[],"class_list":{"0":"post-10855","1":"product","2":"type-product","3":"status-publish","4":"has-post-thumbnail","6":"product_cat-les-histoires-francais","7":"product_cat-histoires","9":"first","10":"instock","11":"shipping-taxable","12":"purchasable","13":"product-type-simple"},"_links":{"self":[{"href":"https:\/\/baralivres.ma\/index.php?rest_route=\/wp\/v2\/product\/10855","targetHints":{"allow":["GET"]}}],"collection":[{"href":"https:\/\/baralivres.ma\/index.php?rest_route=\/wp\/v2\/product"}],"about":[{"href":"https:\/\/baralivres.ma\/index.php?rest_route=\/wp\/v2\/types\/product"}],"replies":[{"embeddable":true,"href":"https:\/\/baralivres.ma\/index.php?rest_route=%2Fwp%2Fv2%2Fcomments&post=10855"}],"version-history":[{"count":1,"href":"https:\/\/baralivres.ma\/index.php?rest_route=\/wp\/v2\/product\/10855\/revisions"}],"predecessor-version":[{"id":10857,"href":"https:\/\/baralivres.ma\/index.php?rest_route=\/wp\/v2\/product\/10855\/revisions\/10857"}],"wp:featuredmedia":[{"embeddable":true,"href":"https:\/\/baralivres.ma\/index.php?rest_route=\/wp\/v2\/media\/10856"}],"wp:attachment":[{"href":"https:\/\/baralivres.ma\/index.php?rest_route=%2Fwp%2Fv2%2Fmedia&parent=10855"}],"wp:term":[{"taxonomy":"product_cat","embeddable":true,"href":"https:\/\/baralivres.ma\/index.php?rest_route=%2Fwp%2Fv2%2Fproduct_cat&post=10855"},{"taxonomy":"product_tag","embeddable":true,"href":"https:\/\/baralivres.ma\/index.php?rest_route=%2Fwp%2Fv2%2Fproduct_tag&post=10855"}],"curies":[{"name":"wp","href":"https:\/\/api.w.org\/{rel}","templated":true}]}}