{"id":10847,"date":"2023-08-28T17:46:51","date_gmt":"2023-08-28T16:46:51","guid":{"rendered":"https:\/\/baralivres.ma\/?post_type=product&#038;p=10847"},"modified":"2024-11-22T11:47:29","modified_gmt":"2024-11-22T10:47:29","slug":"droles-dempreintes","status":"publish","type":"product","link":"https:\/\/baralivres.ma\/?product=droles-dempreintes","title":{"rendered":"Dr\u00f4les d&#8217;empreintes"},"content":{"rendered":"<p>Ce matin, tout est blanc ! Dune et Flam sont impatients d&rsquo;aller jouer dans la neige ! Tiens, tiens, Flam a rep\u00e9r\u00e9 de dr\u00f4les d&#8217;empreintes. Dune en est s\u00fbre, elles appartiennent au kigalo ! Un kiga quoi ?<\/p>\n","protected":false},"excerpt":{"rendered":"<p>Ce matin, tout est blanc ! Dune et Flam sont impatients d&rsquo;aller jouer dans la neige ! Tiens, tiens, Flam a rep\u00e9r\u00e9 de dr\u00f4les d&#8217;empreintes. Dune en est s\u00fbre, elles appartiennent au kigalo ! Un kiga quoi ?<\/p>\n","protected":false},"featured_media":10850,"comment_status":"open","ping_status":"closed","template":"","meta":{"inline_featured_image":false},"product_cat":[3877,199],"product_tag":[],"class_list":{"0":"post-10847","1":"product","2":"type-product","3":"status-publish","4":"has-post-thumbnail","6":"product_cat-les-histoires-francais","7":"product_cat-histoires","9":"first","10":"instock","11":"shipping-taxable","12":"purchasable","13":"product-type-simple"},"_links":{"self":[{"href":"https:\/\/baralivres.ma\/index.php?rest_route=\/wp\/v2\/product\/10847","targetHints":{"allow":["GET"]}}],"collection":[{"href":"https:\/\/baralivres.ma\/index.php?rest_route=\/wp\/v2\/product"}],"about":[{"href":"https:\/\/baralivres.ma\/index.php?rest_route=\/wp\/v2\/types\/product"}],"replies":[{"embeddable":true,"href":"https:\/\/baralivres.ma\/index.php?rest_route=%2Fwp%2Fv2%2Fcomments&post=10847"}],"version-history":[{"count":1,"href":"https:\/\/baralivres.ma\/index.php?rest_route=\/wp\/v2\/product\/10847\/revisions"}],"predecessor-version":[{"id":10851,"href":"https:\/\/baralivres.ma\/index.php?rest_route=\/wp\/v2\/product\/10847\/revisions\/10851"}],"wp:featuredmedia":[{"embeddable":true,"href":"https:\/\/baralivres.ma\/index.php?rest_route=\/wp\/v2\/media\/10850"}],"wp:attachment":[{"href":"https:\/\/baralivres.ma\/index.php?rest_route=%2Fwp%2Fv2%2Fmedia&parent=10847"}],"wp:term":[{"taxonomy":"product_cat","embeddable":true,"href":"https:\/\/baralivres.ma\/index.php?rest_route=%2Fwp%2Fv2%2Fproduct_cat&post=10847"},{"taxonomy":"product_tag","embeddable":true,"href":"https:\/\/baralivres.ma\/index.php?rest_route=%2Fwp%2Fv2%2Fproduct_tag&post=10847"}],"curies":[{"name":"wp","href":"https:\/\/api.w.org\/{rel}","templated":true}]}}