{"id":10826,"date":"2023-08-28T17:38:51","date_gmt":"2023-08-28T16:38:51","guid":{"rendered":"https:\/\/baralivres.ma\/?post_type=product&#038;p=10826"},"modified":"2024-10-29T13:26:36","modified_gmt":"2024-10-29T12:26:36","slug":"medieval-battle","status":"publish","type":"product","link":"https:\/\/baralivres.ma\/?product=medieval-battle","title":{"rendered":"Medieval Battle"},"content":{"rendered":"<div id=\"bookDescription_feature_div\" class=\"celwidget\" data-feature-name=\"bookDescription\" data-csa-c-type=\"widget\" data-csa-c-content-id=\"bookDescription\" data-csa-c-slot-id=\"bookDescription_feature_div\" data-csa-c-asin=\"2017116173\" data-csa-c-is-in-initial-active-row=\"false\" data-csa-c-id=\"sqo97p-ww7lnv-s029zn-b98j2j\" data-cel-widget=\"bookDescription_feature_div\">\n<div class=\"a-expander-collapsed-height a-row a-expander-container a-spacing-base a-expander-partial-collapse-container\" data-a-expander-name=\"book_description_expander\" data-a-expander-collapsed-height=\"140\">\n<div class=\"a-expander-content a-expander-partial-collapse-content\" aria-expanded=\"false\">Une collection de jeux de bataille dans des univers fantastiques ! Cr\u00e9atures l\u00e9gendaires et personnages mythiques s&rsquo;affrontent dans ce jeu plein de magie&#8230; Pariez sur les points forts de vos personnages pour collecter toutes les cartes du jeu. 48 cartes \u00e0 jouer + 1 carte avec la r\u00e8gle du jeu dans une bo\u00eete tr\u00e8s pratique. Un graphisme fort, des cartes pouvoirs, des informations pr\u00e9cieuses sur chaque personnage&#8230; Pr\u00eats pour le combat ?<\/div>\n<\/div>\n<\/div>\n<div id=\"globalStoreInfoBullets_feature_div\" class=\"celwidget\" data-feature-name=\"globalStoreInfoBullets\" data-csa-c-type=\"widget\" data-csa-c-content-id=\"globalStoreInfoBullets\" data-csa-c-slot-id=\"globalStoreInfoBullets_feature_div\" data-csa-c-asin=\"2017116173\" data-csa-c-is-in-initial-active-row=\"false\" data-csa-c-id=\"449chm-8tbclq-10nwt8-qvk5bt\" data-cel-widget=\"globalStoreInfoBullets_feature_div\"><\/div>\n<div id=\"buyingOptionNostosBadge_feature_div\" class=\"celwidget\" data-feature-name=\"buyingOptionNostosBadge\" data-csa-c-type=\"widget\" data-csa-c-content-id=\"buyingOptionNostosBadge\" data-csa-c-slot-id=\"buyingOptionNostosBadge_feature_div\" data-csa-c-asin=\"2017116173\" data-csa-c-is-in-initial-active-row=\"false\" data-csa-c-id=\"iuqlku-ahufpr-bas1no-jejrma\" data-cel-widget=\"buyingOptionNostosBadge_feature_div\"><\/div>\n<div id=\"edpIngress_feature_div\" class=\"celwidget\" data-feature-name=\"edpIngress\" data-csa-c-type=\"widget\" data-csa-c-content-id=\"edpIngress\" data-csa-c-slot-id=\"edpIngress_feature_div\" data-csa-c-asin=\"2017116173\" data-csa-c-is-in-initial-active-row=\"false\" data-csa-c-id=\"trmivf-gaokwp-8mjuxu-kg2vqf\" data-cel-widget=\"edpIngress_feature_div\"><\/div>\n<div id=\"richProductInformation_feature_div\" class=\"celwidget\" data-feature-name=\"richProductInformation\" data-csa-c-type=\"widget\" data-csa-c-content-id=\"richProductInformation\" data-csa-c-slot-id=\"richProductInformation_feature_div\" data-csa-c-asin=\"2017116173\" data-csa-c-is-in-initial-active-row=\"false\" data-csa-c-id=\"4y9mku-4uxjf7-9foll0-k38zjt\" data-cel-widget=\"richProductInformation_feature_div\">\n<div id=\"rich_product_information\" class=\"a-section a-spacing-none celwidget\" data-csa-c-id=\"ljjg6o-zbzg24-dp89a0-wst3m9\" data-cel-widget=\"rich_product_information\"><\/div>\n<\/div>\n","protected":false},"excerpt":{"rendered":"<p>Tu tiens entre tes mains une nouvelle g\u00e9n\u00e9ration de JEUX DE BATAILLE o\u00f9 s&rsquo;affrontent cr\u00e9atures l\u00e9gendaires et personnages mythiques.<\/p>\n","protected":false},"featured_media":10827,"comment_status":"open","ping_status":"closed","template":"","meta":{"inline_featured_image":false},"product_cat":[3875,201,200],"product_tag":[],"class_list":{"0":"post-10826","1":"product","2":"type-product","3":"status-publish","4":"has-post-thumbnail","6":"product_cat-coffret-francais","7":"product_cat-coffret","8":"product_cat-activites","10":"first","11":"instock","12":"shipping-taxable","13":"purchasable","14":"product-type-simple"},"_links":{"self":[{"href":"https:\/\/baralivres.ma\/index.php?rest_route=\/wp\/v2\/product\/10826","targetHints":{"allow":["GET"]}}],"collection":[{"href":"https:\/\/baralivres.ma\/index.php?rest_route=\/wp\/v2\/product"}],"about":[{"href":"https:\/\/baralivres.ma\/index.php?rest_route=\/wp\/v2\/types\/product"}],"replies":[{"embeddable":true,"href":"https:\/\/baralivres.ma\/index.php?rest_route=%2Fwp%2Fv2%2Fcomments&post=10826"}],"version-history":[{"count":1,"href":"https:\/\/baralivres.ma\/index.php?rest_route=\/wp\/v2\/product\/10826\/revisions"}],"predecessor-version":[{"id":10832,"href":"https:\/\/baralivres.ma\/index.php?rest_route=\/wp\/v2\/product\/10826\/revisions\/10832"}],"wp:featuredmedia":[{"embeddable":true,"href":"https:\/\/baralivres.ma\/index.php?rest_route=\/wp\/v2\/media\/10827"}],"wp:attachment":[{"href":"https:\/\/baralivres.ma\/index.php?rest_route=%2Fwp%2Fv2%2Fmedia&parent=10826"}],"wp:term":[{"taxonomy":"product_cat","embeddable":true,"href":"https:\/\/baralivres.ma\/index.php?rest_route=%2Fwp%2Fv2%2Fproduct_cat&post=10826"},{"taxonomy":"product_tag","embeddable":true,"href":"https:\/\/baralivres.ma\/index.php?rest_route=%2Fwp%2Fv2%2Fproduct_tag&post=10826"}],"curies":[{"name":"wp","href":"https:\/\/api.w.org\/{rel}","templated":true}]}}