{"id":10825,"date":"2023-08-28T17:38:20","date_gmt":"2023-08-28T16:38:20","guid":{"rendered":"https:\/\/baralivres.ma\/?post_type=product&#038;p=10825"},"modified":"2024-11-22T11:48:26","modified_gmt":"2024-11-22T10:48:26","slug":"yo-kai-watch-2","status":"publish","type":"product","link":"https:\/\/baralivres.ma\/?product=yo-kai-watch-2","title":{"rendered":"Yo-Kai Watch"},"content":{"rendered":"<p>Ariane, une jeune fille passionn\u00e9e de science-fiction, est totalement ravie quand elle trouve une Space Watch : avec cette montre, elle pourra voir les extraterrestres ! Cependant, quand elle s&rsquo;en sert pour la premi\u00e8re fois, c&rsquo;est Usapyon qui appara\u00eet. Il lui annonce qu&rsquo;il est un Yo-kai&#8230; et qu&rsquo;il a besoin de son aide ! Ariane lui permettra-t-elle de r\u00e9aliser son r\u00eave ? Retrouve toutes les aventures de Nathan et de ses amis les Yo-kai \u00e0 la derni\u00e8re page de ton livre !<\/p>\n","protected":false},"excerpt":{"rendered":"<p>Ariane, une jeune fille passionn\u00e9e de science-fiction, est totalement ravie quand elle trouve une Space Watch : avec cette montre, elle pourra voir les extraterrestres ! Cependant, quand elle s&rsquo;en sert pour la premi\u00e8re fois, c&rsquo;est Usapyon qui appara\u00eet. Il lui annonce qu&rsquo;il est un Yo-kai&#8230; et qu&rsquo;il a besoin de son aide ! Ariane lui permettra-t-elle de r\u00e9aliser son r\u00eave ? Retrouve toutes les aventures de Nathan et de ses amis les Yo-kai \u00e0 la derni\u00e8re page de ton livre !25<\/p>\n","protected":false},"featured_media":10829,"comment_status":"open","ping_status":"closed","template":"","meta":{"inline_featured_image":false},"product_cat":[3877,199],"product_tag":[],"class_list":{"0":"post-10825","1":"product","2":"type-product","3":"status-publish","4":"has-post-thumbnail","6":"product_cat-les-histoires-francais","7":"product_cat-histoires","9":"first","10":"instock","11":"shipping-taxable","12":"purchasable","13":"product-type-simple"},"_links":{"self":[{"href":"https:\/\/baralivres.ma\/index.php?rest_route=\/wp\/v2\/product\/10825","targetHints":{"allow":["GET"]}}],"collection":[{"href":"https:\/\/baralivres.ma\/index.php?rest_route=\/wp\/v2\/product"}],"about":[{"href":"https:\/\/baralivres.ma\/index.php?rest_route=\/wp\/v2\/types\/product"}],"replies":[{"embeddable":true,"href":"https:\/\/baralivres.ma\/index.php?rest_route=%2Fwp%2Fv2%2Fcomments&post=10825"}],"version-history":[{"count":1,"href":"https:\/\/baralivres.ma\/index.php?rest_route=\/wp\/v2\/product\/10825\/revisions"}],"predecessor-version":[{"id":10830,"href":"https:\/\/baralivres.ma\/index.php?rest_route=\/wp\/v2\/product\/10825\/revisions\/10830"}],"wp:featuredmedia":[{"embeddable":true,"href":"https:\/\/baralivres.ma\/index.php?rest_route=\/wp\/v2\/media\/10829"}],"wp:attachment":[{"href":"https:\/\/baralivres.ma\/index.php?rest_route=%2Fwp%2Fv2%2Fmedia&parent=10825"}],"wp:term":[{"taxonomy":"product_cat","embeddable":true,"href":"https:\/\/baralivres.ma\/index.php?rest_route=%2Fwp%2Fv2%2Fproduct_cat&post=10825"},{"taxonomy":"product_tag","embeddable":true,"href":"https:\/\/baralivres.ma\/index.php?rest_route=%2Fwp%2Fv2%2Fproduct_tag&post=10825"}],"curies":[{"name":"wp","href":"https:\/\/api.w.org\/{rel}","templated":true}]}}