{"id":10804,"date":"2023-08-28T17:25:22","date_gmt":"2023-08-28T16:25:22","guid":{"rendered":"https:\/\/baralivres.ma\/?post_type=product&#038;p=10804"},"modified":"2024-11-18T16:43:15","modified_gmt":"2024-11-18T15:43:15","slug":"slugterra-2","status":"publish","type":"product","link":"https:\/\/baralivres.ma\/?product=slugterra-2","title":{"rendered":"Slugterra"},"content":{"rendered":"<p>Eli et ses amis arrivent \u00e0 Prairie-Calme pour rencontrer Croc-Rouge. Il est le seul \u00e0 pouvoir r\u00e9parer le blaster d&rsquo;Eli qui n&rsquo;est plus assez puissant pour lui. Mais les habitants de cette grotte sont terroris\u00e9s par le gang des Hoolas. Eli est bien d\u00e9cid\u00e9 \u00e0 s&rsquo;opposer \u00e0 ce gang \u00e0 la solde de Blakk !<\/p>\n","protected":false},"excerpt":{"rendered":"<p>Eli et ses amis arrivent \u00e0 Prairie-Calme pour rencontrer Croc-Rouge. Il est le seul \u00e0 pouvoir r\u00e9parer le blaster d&rsquo;Eli qui n&rsquo;est plus assez puissan<\/p>\n","protected":false},"featured_media":10805,"comment_status":"open","ping_status":"closed","template":"","meta":{"inline_featured_image":false},"product_cat":[3877,199],"product_tag":[],"class_list":{"0":"post-10804","1":"product","2":"type-product","3":"status-publish","4":"has-post-thumbnail","6":"product_cat-les-histoires-francais","7":"product_cat-histoires","9":"first","10":"instock","11":"shipping-taxable","12":"purchasable","13":"product-type-simple"},"_links":{"self":[{"href":"https:\/\/baralivres.ma\/index.php?rest_route=\/wp\/v2\/product\/10804","targetHints":{"allow":["GET"]}}],"collection":[{"href":"https:\/\/baralivres.ma\/index.php?rest_route=\/wp\/v2\/product"}],"about":[{"href":"https:\/\/baralivres.ma\/index.php?rest_route=\/wp\/v2\/types\/product"}],"replies":[{"embeddable":true,"href":"https:\/\/baralivres.ma\/index.php?rest_route=%2Fwp%2Fv2%2Fcomments&post=10804"}],"version-history":[{"count":1,"href":"https:\/\/baralivres.ma\/index.php?rest_route=\/wp\/v2\/product\/10804\/revisions"}],"predecessor-version":[{"id":10806,"href":"https:\/\/baralivres.ma\/index.php?rest_route=\/wp\/v2\/product\/10804\/revisions\/10806"}],"wp:featuredmedia":[{"embeddable":true,"href":"https:\/\/baralivres.ma\/index.php?rest_route=\/wp\/v2\/media\/10805"}],"wp:attachment":[{"href":"https:\/\/baralivres.ma\/index.php?rest_route=%2Fwp%2Fv2%2Fmedia&parent=10804"}],"wp:term":[{"taxonomy":"product_cat","embeddable":true,"href":"https:\/\/baralivres.ma\/index.php?rest_route=%2Fwp%2Fv2%2Fproduct_cat&post=10804"},{"taxonomy":"product_tag","embeddable":true,"href":"https:\/\/baralivres.ma\/index.php?rest_route=%2Fwp%2Fv2%2Fproduct_tag&post=10804"}],"curies":[{"name":"wp","href":"https:\/\/api.w.org\/{rel}","templated":true}]}}