{"id":10795,"date":"2023-08-28T17:17:01","date_gmt":"2023-08-28T16:17:01","guid":{"rendered":"https:\/\/baralivres.ma\/?post_type=product&#038;p=10795"},"modified":"2024-11-18T16:44:10","modified_gmt":"2024-11-18T15:44:10","slug":"victor-a-la-rescousse","status":"publish","type":"product","link":"https:\/\/baralivres.ma\/?product=victor-a-la-rescousse","title":{"rendered":"Victor \u00e0 la rescousse"},"content":{"rendered":"<p>C&rsquo;est la panique dans le pays des trains ! Karl s&rsquo;est \u00e9chapp\u00e9 de sa prison, et puise toute l&rsquo;\u00e9nergie de la Fontaine pour devenir le train le plus puissant&#8230; Kay, Alf, Selly et Duck sont bien d\u00e9cid\u00e9s \u00e0 l&rsquo;affronter. Le combat s&rsquo;engage, mais tout ne se passe pas comme pr\u00e9vu&#8230;<\/p>\n","protected":false},"excerpt":{"rendered":"<p>C&rsquo;est la panique dans le pays des trains ! Karl s&rsquo;est \u00e9chapp\u00e9 de sa prison, et puise toute l&rsquo;\u00e9nergie de la Fontaine pour devenir le train le plus puissant&#8230; Kay, Alf, Selly et Duck sont bien d\u00e9cid\u00e9s \u00e0 l&rsquo;affronter. Le combat s&rsquo;engage, mais tout ne se passe pas comme pr\u00e9vu&#8230;<\/p>\n","protected":false},"featured_media":10796,"comment_status":"open","ping_status":"closed","template":"","meta":{"inline_featured_image":false},"product_cat":[3877,199],"product_tag":[],"class_list":{"0":"post-10795","1":"product","2":"type-product","3":"status-publish","4":"has-post-thumbnail","6":"product_cat-les-histoires-francais","7":"product_cat-histoires","9":"first","10":"instock","11":"shipping-taxable","12":"purchasable","13":"product-type-simple"},"_links":{"self":[{"href":"https:\/\/baralivres.ma\/index.php?rest_route=\/wp\/v2\/product\/10795","targetHints":{"allow":["GET"]}}],"collection":[{"href":"https:\/\/baralivres.ma\/index.php?rest_route=\/wp\/v2\/product"}],"about":[{"href":"https:\/\/baralivres.ma\/index.php?rest_route=\/wp\/v2\/types\/product"}],"replies":[{"embeddable":true,"href":"https:\/\/baralivres.ma\/index.php?rest_route=%2Fwp%2Fv2%2Fcomments&post=10795"}],"version-history":[{"count":1,"href":"https:\/\/baralivres.ma\/index.php?rest_route=\/wp\/v2\/product\/10795\/revisions"}],"predecessor-version":[{"id":10797,"href":"https:\/\/baralivres.ma\/index.php?rest_route=\/wp\/v2\/product\/10795\/revisions\/10797"}],"wp:featuredmedia":[{"embeddable":true,"href":"https:\/\/baralivres.ma\/index.php?rest_route=\/wp\/v2\/media\/10796"}],"wp:attachment":[{"href":"https:\/\/baralivres.ma\/index.php?rest_route=%2Fwp%2Fv2%2Fmedia&parent=10795"}],"wp:term":[{"taxonomy":"product_cat","embeddable":true,"href":"https:\/\/baralivres.ma\/index.php?rest_route=%2Fwp%2Fv2%2Fproduct_cat&post=10795"},{"taxonomy":"product_tag","embeddable":true,"href":"https:\/\/baralivres.ma\/index.php?rest_route=%2Fwp%2Fv2%2Fproduct_tag&post=10795"}],"curies":[{"name":"wp","href":"https:\/\/api.w.org\/{rel}","templated":true}]}}