{"id":10788,"date":"2023-08-28T17:10:54","date_gmt":"2023-08-28T16:10:54","guid":{"rendered":"https:\/\/baralivres.ma\/?post_type=product&#038;p=10788"},"modified":"2024-11-18T16:44:31","modified_gmt":"2024-11-18T15:44:31","slug":"zak-storm-super-pirate","status":"publish","type":"product","link":"https:\/\/baralivres.ma\/?product=zak-storm-super-pirate","title":{"rendered":"Zak Storm &#8211; Super Pirate"},"content":{"rendered":"<p>Alors que son navire fait voile vers le phare de Marituga, le jeune capitaine Zak ne pense qu&rsquo;\u00e0 une chose : ouvrir les sept verrous du Triangle des Bermudes pour rentrer chez lui. Mais pour cela, il doit apprendre \u00e0 ma\u00eetriser les pouvoirs de son sabre Calabrass et s&rsquo;entourer d&rsquo;un solide \u00e9quipage. Zak parviendra-t-il \u00e0 recruter de nouveaux aventuriers pour l&rsquo;aider dans sa qu\u00eate ?<\/p>\n","protected":false},"excerpt":{"rendered":"<div id=\"resume\" class=\"\n        fp-wide--block\n        fp-wide--block-resume                \"><\/p>\n<div class=\"content\">Alors que son navire fait voile vers le phare de Marituga, le jeune capitaine Zak ne pense qu&rsquo;\u00e0 une chose : ouvrir les sept verrous du Triangle des Bermudes pour rentrer chez lui. Mais pour cela, il doit apprendre \u00e0 ma\u00eetriser les pouvoirs de son sabre Calabrass et s&rsquo;entourer d&rsquo;un solide \u00e9quipage. Zak parviendra-t-il \u00e0 recruter de nouveaux aventuriers pour l&rsquo;aider dans sa qu\u00eate ?<\/div>\n<\/div>\n<div id=\"specification\" class=\"\n        fp-wide--block\n        fp-wide--block-specification                \"><\/p>\n<div class=\"fp-wide--block--header\"><\/div>\n<\/div>\n","protected":false},"featured_media":10790,"comment_status":"open","ping_status":"closed","template":"","meta":{"inline_featured_image":false},"product_cat":[3877,199],"product_tag":[],"class_list":{"0":"post-10788","1":"product","2":"type-product","3":"status-publish","4":"has-post-thumbnail","6":"product_cat-les-histoires-francais","7":"product_cat-histoires","9":"first","10":"instock","11":"shipping-taxable","12":"purchasable","13":"product-type-simple"},"_links":{"self":[{"href":"https:\/\/baralivres.ma\/index.php?rest_route=\/wp\/v2\/product\/10788","targetHints":{"allow":["GET"]}}],"collection":[{"href":"https:\/\/baralivres.ma\/index.php?rest_route=\/wp\/v2\/product"}],"about":[{"href":"https:\/\/baralivres.ma\/index.php?rest_route=\/wp\/v2\/types\/product"}],"replies":[{"embeddable":true,"href":"https:\/\/baralivres.ma\/index.php?rest_route=%2Fwp%2Fv2%2Fcomments&post=10788"}],"version-history":[{"count":1,"href":"https:\/\/baralivres.ma\/index.php?rest_route=\/wp\/v2\/product\/10788\/revisions"}],"predecessor-version":[{"id":10791,"href":"https:\/\/baralivres.ma\/index.php?rest_route=\/wp\/v2\/product\/10788\/revisions\/10791"}],"wp:featuredmedia":[{"embeddable":true,"href":"https:\/\/baralivres.ma\/index.php?rest_route=\/wp\/v2\/media\/10790"}],"wp:attachment":[{"href":"https:\/\/baralivres.ma\/index.php?rest_route=%2Fwp%2Fv2%2Fmedia&parent=10788"}],"wp:term":[{"taxonomy":"product_cat","embeddable":true,"href":"https:\/\/baralivres.ma\/index.php?rest_route=%2Fwp%2Fv2%2Fproduct_cat&post=10788"},{"taxonomy":"product_tag","embeddable":true,"href":"https:\/\/baralivres.ma\/index.php?rest_route=%2Fwp%2Fv2%2Fproduct_tag&post=10788"}],"curies":[{"name":"wp","href":"https:\/\/api.w.org\/{rel}","templated":true}]}}