{"id":10768,"date":"2023-08-28T17:01:08","date_gmt":"2023-08-28T16:01:08","guid":{"rendered":"https:\/\/baralivres.ma\/?post_type=product&#038;p=10768"},"modified":"2024-11-06T18:34:24","modified_gmt":"2024-11-06T17:34:24","slug":"tableaux-a-motifs-princesses-du-monde","status":"publish","type":"product","link":"https:\/\/baralivres.ma\/?product=tableaux-a-motifs-princesses-du-monde","title":{"rendered":"Tableaux \u00e0 motifs princesses du monde"},"content":{"rendered":"<p>8 jolis tableaux \u00e0 colorier et \u00e0 compl\u00e9ter avec des motifs gr\u00e2ce aux 5 tampons, aux 5 cartes emboss\u00e9es, \u00e0 l&rsquo;encrier de couleur bronze et au crayon de couleur m\u00e9tallis\u00e9 violet.<br \/>\nUne page de pas \u00e0 pas et de mod\u00e8les en couleur guident l&rsquo;enfant dans ses r\u00e9alisations.<\/p>\n","protected":false},"excerpt":{"rendered":"<p>8 jolis tableaux \u00e0 colorier et \u00e0 compl\u00e9ter avec des motifs gr\u00e2ce aux 5 tampons, aux 5 cartes emboss\u00e9es, \u00e0 l&rsquo;encrier de couleur bronze et au crayon de couleur m\u00e9tallis\u00e9 violet. Une page de pas \u00e0 pas et de mod\u00e8les en couleur guident l&rsquo;enfant dans ses r\u00e9alisations.<\/p>\n","protected":false},"featured_media":10772,"comment_status":"open","ping_status":"closed","template":"","meta":{"inline_featured_image":false},"product_cat":[215,210,200],"product_tag":[],"class_list":{"0":"post-10768","1":"product","2":"type-product","3":"status-publish","4":"has-post-thumbnail","6":"product_cat-enfant","7":"product_cat-activites-bebe-enfant","8":"product_cat-activites","10":"first","11":"instock","12":"shipping-taxable","13":"purchasable","14":"product-type-simple"},"_links":{"self":[{"href":"https:\/\/baralivres.ma\/index.php?rest_route=\/wp\/v2\/product\/10768","targetHints":{"allow":["GET"]}}],"collection":[{"href":"https:\/\/baralivres.ma\/index.php?rest_route=\/wp\/v2\/product"}],"about":[{"href":"https:\/\/baralivres.ma\/index.php?rest_route=\/wp\/v2\/types\/product"}],"replies":[{"embeddable":true,"href":"https:\/\/baralivres.ma\/index.php?rest_route=%2Fwp%2Fv2%2Fcomments&post=10768"}],"version-history":[{"count":1,"href":"https:\/\/baralivres.ma\/index.php?rest_route=\/wp\/v2\/product\/10768\/revisions"}],"predecessor-version":[{"id":10774,"href":"https:\/\/baralivres.ma\/index.php?rest_route=\/wp\/v2\/product\/10768\/revisions\/10774"}],"wp:featuredmedia":[{"embeddable":true,"href":"https:\/\/baralivres.ma\/index.php?rest_route=\/wp\/v2\/media\/10772"}],"wp:attachment":[{"href":"https:\/\/baralivres.ma\/index.php?rest_route=%2Fwp%2Fv2%2Fmedia&parent=10768"}],"wp:term":[{"taxonomy":"product_cat","embeddable":true,"href":"https:\/\/baralivres.ma\/index.php?rest_route=%2Fwp%2Fv2%2Fproduct_cat&post=10768"},{"taxonomy":"product_tag","embeddable":true,"href":"https:\/\/baralivres.ma\/index.php?rest_route=%2Fwp%2Fv2%2Fproduct_tag&post=10768"}],"curies":[{"name":"wp","href":"https:\/\/api.w.org\/{rel}","templated":true}]}}