{"id":10767,"date":"2023-08-28T17:00:47","date_gmt":"2023-08-28T16:00:47","guid":{"rendered":"https:\/\/baralivres.ma\/?post_type=product&#038;p=10767"},"modified":"2024-11-18T16:36:26","modified_gmt":"2024-11-18T15:36:26","slug":"zak-storm-le-triangle-des-bermudes","status":"publish","type":"product","link":"https:\/\/baralivres.ma\/?product=zak-storm-le-triangle-des-bermudes","title":{"rendered":"Zak Storm &#8211; Le triangle des Bermudes"},"content":{"rendered":"<p>Zak Storm est un jeune surfeur, un peu t\u00eate br\u00fbl\u00e9e. Un jour, il est transport\u00e9 par magie dans le monde l\u00e9gendaire du Triangle des Bermudes. A bord du navire vivant le Chaos, arm\u00e9 de son sabre magique Calabrass, et avec pour compagnon un dr\u00f4le de fant\u00f4me naus\u00e9abond, Zak devra faire ses preuves pour devenir un v\u00e9ritable pirate !<\/p>\n","protected":false},"excerpt":{"rendered":"<p><strong>Zak Storm est un jeune surfeur, un peu t\u00eate br\u00fbl\u00e9e. Un jour, il est transport\u00e9 par magie dans le monde l\u00e9gendaire du Triangle des Bermude<\/strong><\/p>\n","protected":false},"featured_media":10771,"comment_status":"open","ping_status":"closed","template":"","meta":{"inline_featured_image":false},"product_cat":[3877,199],"product_tag":[],"class_list":{"0":"post-10767","1":"product","2":"type-product","3":"status-publish","4":"has-post-thumbnail","6":"product_cat-les-histoires-francais","7":"product_cat-histoires","9":"first","10":"instock","11":"shipping-taxable","12":"purchasable","13":"product-type-simple"},"_links":{"self":[{"href":"https:\/\/baralivres.ma\/index.php?rest_route=\/wp\/v2\/product\/10767","targetHints":{"allow":["GET"]}}],"collection":[{"href":"https:\/\/baralivres.ma\/index.php?rest_route=\/wp\/v2\/product"}],"about":[{"href":"https:\/\/baralivres.ma\/index.php?rest_route=\/wp\/v2\/types\/product"}],"replies":[{"embeddable":true,"href":"https:\/\/baralivres.ma\/index.php?rest_route=%2Fwp%2Fv2%2Fcomments&post=10767"}],"version-history":[{"count":1,"href":"https:\/\/baralivres.ma\/index.php?rest_route=\/wp\/v2\/product\/10767\/revisions"}],"predecessor-version":[{"id":10773,"href":"https:\/\/baralivres.ma\/index.php?rest_route=\/wp\/v2\/product\/10767\/revisions\/10773"}],"wp:featuredmedia":[{"embeddable":true,"href":"https:\/\/baralivres.ma\/index.php?rest_route=\/wp\/v2\/media\/10771"}],"wp:attachment":[{"href":"https:\/\/baralivres.ma\/index.php?rest_route=%2Fwp%2Fv2%2Fmedia&parent=10767"}],"wp:term":[{"taxonomy":"product_cat","embeddable":true,"href":"https:\/\/baralivres.ma\/index.php?rest_route=%2Fwp%2Fv2%2Fproduct_cat&post=10767"},{"taxonomy":"product_tag","embeddable":true,"href":"https:\/\/baralivres.ma\/index.php?rest_route=%2Fwp%2Fv2%2Fproduct_tag&post=10767"}],"curies":[{"name":"wp","href":"https:\/\/api.w.org\/{rel}","templated":true}]}}