{"id":10763,"date":"2023-08-28T16:57:07","date_gmt":"2023-08-28T15:57:07","guid":{"rendered":"https:\/\/baralivres.ma\/?post_type=product&#038;p=10763"},"modified":"2024-11-18T16:37:15","modified_gmt":"2024-11-18T15:37:15","slug":"chasse-au-tresor-la-reine-des-neiges-ii","status":"publish","type":"product","link":"https:\/\/baralivres.ma\/?product=chasse-au-tresor-la-reine-des-neiges-ii","title":{"rendered":"Chasse au tr\u00e9sor La Reine des neiges II"},"content":{"rendered":"<p>Le kit pour organiser une chasse au tr\u00e9sor unique sur le th\u00e8me de la reine des neiges 2 ! Partez \u00e0 la recherche du tr\u00e9sor perdu d&rsquo;Arendelle avec Elsa, Anna et leurs amis ! Pour y parvenir, r\u00e9solvez les 19 fiches \u00ab\u00a0Enqu\u00eates\u00a0\u00bb et d\u00e9bloquez l&rsquo;\u00e9nigme finale qui vous conduira au tr\u00e9sor. A vous de jouer !<\/p>\n","protected":false},"excerpt":{"rendered":"<p>Le kit pour organiser une chasse au tr\u00e9sor unique sur le th\u00e8me de la reine des neiges 2 ! Partez \u00e0 la recherche du tr\u00e9sor perdu d&rsquo;Arendelle avec Elsa, Anna et leurs amis ! Pour y parvenir, r\u00e9solvez les 19 fiches \u00ab\u00a0Enqu\u00eates\u00a0\u00bb et d\u00e9bloquez l&rsquo;\u00e9nigme finale qui vous conduira au tr\u00e9sor. A vous de jouer [&hellip;]<\/p>\n","protected":false},"featured_media":10764,"comment_status":"open","ping_status":"closed","template":"","meta":{"inline_featured_image":false},"product_cat":[3875,201,200],"product_tag":[],"class_list":{"0":"post-10763","1":"product","2":"type-product","3":"status-publish","4":"has-post-thumbnail","6":"product_cat-coffret-francais","7":"product_cat-coffret","8":"product_cat-activites","10":"first","11":"instock","12":"shipping-taxable","13":"purchasable","14":"product-type-simple"},"_links":{"self":[{"href":"https:\/\/baralivres.ma\/index.php?rest_route=\/wp\/v2\/product\/10763","targetHints":{"allow":["GET"]}}],"collection":[{"href":"https:\/\/baralivres.ma\/index.php?rest_route=\/wp\/v2\/product"}],"about":[{"href":"https:\/\/baralivres.ma\/index.php?rest_route=\/wp\/v2\/types\/product"}],"replies":[{"embeddable":true,"href":"https:\/\/baralivres.ma\/index.php?rest_route=%2Fwp%2Fv2%2Fcomments&post=10763"}],"version-history":[{"count":1,"href":"https:\/\/baralivres.ma\/index.php?rest_route=\/wp\/v2\/product\/10763\/revisions"}],"predecessor-version":[{"id":10766,"href":"https:\/\/baralivres.ma\/index.php?rest_route=\/wp\/v2\/product\/10763\/revisions\/10766"}],"wp:featuredmedia":[{"embeddable":true,"href":"https:\/\/baralivres.ma\/index.php?rest_route=\/wp\/v2\/media\/10764"}],"wp:attachment":[{"href":"https:\/\/baralivres.ma\/index.php?rest_route=%2Fwp%2Fv2%2Fmedia&parent=10763"}],"wp:term":[{"taxonomy":"product_cat","embeddable":true,"href":"https:\/\/baralivres.ma\/index.php?rest_route=%2Fwp%2Fv2%2Fproduct_cat&post=10763"},{"taxonomy":"product_tag","embeddable":true,"href":"https:\/\/baralivres.ma\/index.php?rest_route=%2Fwp%2Fv2%2Fproduct_tag&post=10763"}],"curies":[{"name":"wp","href":"https:\/\/api.w.org\/{rel}","templated":true}]}}