{"id":10760,"date":"2023-08-28T16:56:49","date_gmt":"2023-08-28T15:56:49","guid":{"rendered":"https:\/\/baralivres.ma\/?post_type=product&#038;p=10760"},"modified":"2024-11-18T16:37:29","modified_gmt":"2024-11-18T15:37:29","slug":"mes-8-histoires-a-ecouter-special-noel","status":"publish","type":"product","link":"https:\/\/baralivres.ma\/?product=mes-8-histoires-a-ecouter-special-noel","title":{"rendered":"Mes 8 histoires \u00e0 \u00e9couter Sp\u00e9cial No\u00ebl"},"content":{"rendered":"<p>Plonge dans la magie de No\u00ebl avec tous tes personnages Disney pr\u00e9f\u00e9r\u00e9s. Lis et \u00e9coute, gr\u00e2ce au CD, les merveilleuses histoires de Flash McQueen, Bambi, et de bien d&rsquo;autres incroyables h\u00e9ros.<\/p>\n","protected":false},"excerpt":{"rendered":"<p><strong>Plonge dans la magie de No\u00ebl avec tous tes personnages Disney pr\u00e9f\u00e9r\u00e9s. Lis et \u00e9coute, gr\u00e2ce au CD, les merveilleuses histoires de Flash McQueen, Bambi, et de bien d&rsquo;autres incroyables h\u00e9ros.<\/strong><\/p>\n","protected":false},"featured_media":10761,"comment_status":"open","ping_status":"closed","template":"","meta":{"inline_featured_image":false},"product_cat":[3877,199],"product_tag":[],"class_list":{"0":"post-10760","1":"product","2":"type-product","3":"status-publish","4":"has-post-thumbnail","6":"product_cat-les-histoires-francais","7":"product_cat-histoires","9":"first","10":"instock","11":"shipping-taxable","12":"purchasable","13":"product-type-simple"},"_links":{"self":[{"href":"https:\/\/baralivres.ma\/index.php?rest_route=\/wp\/v2\/product\/10760","targetHints":{"allow":["GET"]}}],"collection":[{"href":"https:\/\/baralivres.ma\/index.php?rest_route=\/wp\/v2\/product"}],"about":[{"href":"https:\/\/baralivres.ma\/index.php?rest_route=\/wp\/v2\/types\/product"}],"replies":[{"embeddable":true,"href":"https:\/\/baralivres.ma\/index.php?rest_route=%2Fwp%2Fv2%2Fcomments&post=10760"}],"version-history":[{"count":1,"href":"https:\/\/baralivres.ma\/index.php?rest_route=\/wp\/v2\/product\/10760\/revisions"}],"predecessor-version":[{"id":10765,"href":"https:\/\/baralivres.ma\/index.php?rest_route=\/wp\/v2\/product\/10760\/revisions\/10765"}],"wp:featuredmedia":[{"embeddable":true,"href":"https:\/\/baralivres.ma\/index.php?rest_route=\/wp\/v2\/media\/10761"}],"wp:attachment":[{"href":"https:\/\/baralivres.ma\/index.php?rest_route=%2Fwp%2Fv2%2Fmedia&parent=10760"}],"wp:term":[{"taxonomy":"product_cat","embeddable":true,"href":"https:\/\/baralivres.ma\/index.php?rest_route=%2Fwp%2Fv2%2Fproduct_cat&post=10760"},{"taxonomy":"product_tag","embeddable":true,"href":"https:\/\/baralivres.ma\/index.php?rest_route=%2Fwp%2Fv2%2Fproduct_tag&post=10760"}],"curies":[{"name":"wp","href":"https:\/\/api.w.org\/{rel}","templated":true}]}}