{"id":10756,"date":"2023-08-28T16:54:20","date_gmt":"2023-08-28T15:54:20","guid":{"rendered":"https:\/\/baralivres.ma\/?post_type=product&#038;p=10756"},"modified":"2024-11-18T16:52:59","modified_gmt":"2024-11-18T15:52:59","slug":"chasse-au-tresor-disney-classiques","status":"publish","type":"product","link":"https:\/\/baralivres.ma\/?product=chasse-au-tresor-disney-classiques","title":{"rendered":"Chasse au tr\u00e9sor Disney Classiques"},"content":{"rendered":"<p>Le kit de jeu pour organiser une chasse au tr\u00e9sor avec les personnages Disney ! &#8211; 20 activit\u00e9s (puzzle, points \u00e0 relier, \u00e9nigmes logiques&#8230;) pour obtenir des indices et d\u00e9couvrir o\u00f9 se cache le tr\u00e9sor sur la carte. &#8211; 1 grande carte univers avec de multiples d\u00e9tails. &#8211; Un manuel de jeu de 24 pages pour les parents, contenant 6 dipl\u00f4mes \u00e0 remettre au chasseur en herbe !<\/p>\n","protected":false},"excerpt":{"rendered":"<p>Le kit de jeu pour organiser une chasse au tr\u00e9sor avec les personnages Disney ! &#8211; 20 activit\u00e9s (puzzle, points \u00e0 relier, \u00e9nigmes logiques&#8230;) pour obtenir des indices et d\u00e9couvrir o\u00f9 se cache le tr\u00e9sor sur la carte. &#8211; 1 grande carte univers avec de multiples d\u00e9tails. &#8211; Un manuel de jeu de 24 pages [&hellip;]<\/p>\n","protected":false},"featured_media":10757,"comment_status":"open","ping_status":"closed","template":"","meta":{"inline_featured_image":false},"product_cat":[3875,201,200],"product_tag":[],"class_list":{"0":"post-10756","1":"product","2":"type-product","3":"status-publish","4":"has-post-thumbnail","6":"product_cat-coffret-francais","7":"product_cat-coffret","8":"product_cat-activites","10":"first","11":"instock","12":"shipping-taxable","13":"purchasable","14":"product-type-simple"},"_links":{"self":[{"href":"https:\/\/baralivres.ma\/index.php?rest_route=\/wp\/v2\/product\/10756","targetHints":{"allow":["GET"]}}],"collection":[{"href":"https:\/\/baralivres.ma\/index.php?rest_route=\/wp\/v2\/product"}],"about":[{"href":"https:\/\/baralivres.ma\/index.php?rest_route=\/wp\/v2\/types\/product"}],"replies":[{"embeddable":true,"href":"https:\/\/baralivres.ma\/index.php?rest_route=%2Fwp%2Fv2%2Fcomments&post=10756"}],"version-history":[{"count":1,"href":"https:\/\/baralivres.ma\/index.php?rest_route=\/wp\/v2\/product\/10756\/revisions"}],"predecessor-version":[{"id":10758,"href":"https:\/\/baralivres.ma\/index.php?rest_route=\/wp\/v2\/product\/10756\/revisions\/10758"}],"wp:featuredmedia":[{"embeddable":true,"href":"https:\/\/baralivres.ma\/index.php?rest_route=\/wp\/v2\/media\/10757"}],"wp:attachment":[{"href":"https:\/\/baralivres.ma\/index.php?rest_route=%2Fwp%2Fv2%2Fmedia&parent=10756"}],"wp:term":[{"taxonomy":"product_cat","embeddable":true,"href":"https:\/\/baralivres.ma\/index.php?rest_route=%2Fwp%2Fv2%2Fproduct_cat&post=10756"},{"taxonomy":"product_tag","embeddable":true,"href":"https:\/\/baralivres.ma\/index.php?rest_route=%2Fwp%2Fv2%2Fproduct_tag&post=10756"}],"curies":[{"name":"wp","href":"https:\/\/api.w.org\/{rel}","templated":true}]}}