{"id":10750,"date":"2023-08-28T16:54:34","date_gmt":"2023-08-28T15:54:34","guid":{"rendered":"https:\/\/baralivres.ma\/?post_type=product&#038;p=10750"},"modified":"2024-11-18T16:37:50","modified_gmt":"2024-11-18T15:37:50","slug":"la-belle-et-la-bete","status":"publish","type":"product","link":"https:\/\/baralivres.ma\/?product=la-belle-et-la-bete","title":{"rendered":"La Belle et la B\u00eate"},"content":{"rendered":"<p>U n vieux marchand perd toute sa fortune et part vivre \u00e0 la campagne, accompagne de ses trois gar\u00e7ons et de ses trois filles, dont la cadette, si belle, est appel\u00e9e \u00ab\u00a0La Belle\u00a0\u00bb. Parti r\u00e9cup\u00e9rer une partie de ses pertes, le vieil homme est pris, sur le chemin du retour, dans une temp\u00eate qui l&rsquo;aurait an\u00e9anti s&rsquo;il n&rsquo;avait aper\u00e7u un somptueux palais. Ce ch\u00e2teau lui servira de refuge jusqu&rsquo;\u00e0 ce que, voulant honorer une promesse faite \u00e0 sa cadette, l&rsquo;homme d\u00e9clenche la col\u00e8re du propri\u00e9taire, une B\u00eate affreuse.<br \/>\nLe monstre n&rsquo;accepte de laisser la vie sauve \u00e0 son invit\u00e9 qu&rsquo;en \u00e9change de l&rsquo;une de ses filles. La Belle se sacrifie et vient habiter le ch\u00e2teau. Si La B\u00eate est une cr\u00e9ature affreuse, elle n&rsquo;en est pas moins bonne. Mais est-ce suffisant pour se faire aimer de La Belle, jeune fille pure et sinc\u00e8re ?<\/p>\n","protected":false},"excerpt":{"rendered":"<p>U n vieux marchand perd toute sa fortune et part vivre \u00e0 la campagne, accompagne de ses trois gar\u00e7ons et de ses trois filles<\/p>\n","protected":false},"featured_media":10753,"comment_status":"open","ping_status":"closed","template":"","meta":{"inline_featured_image":false},"product_cat":[3877,199],"product_tag":[],"class_list":{"0":"post-10750","1":"product","2":"type-product","3":"status-publish","4":"has-post-thumbnail","6":"product_cat-les-histoires-francais","7":"product_cat-histoires","9":"first","10":"instock","11":"shipping-taxable","12":"purchasable","13":"product-type-simple"},"_links":{"self":[{"href":"https:\/\/baralivres.ma\/index.php?rest_route=\/wp\/v2\/product\/10750","targetHints":{"allow":["GET"]}}],"collection":[{"href":"https:\/\/baralivres.ma\/index.php?rest_route=\/wp\/v2\/product"}],"about":[{"href":"https:\/\/baralivres.ma\/index.php?rest_route=\/wp\/v2\/types\/product"}],"replies":[{"embeddable":true,"href":"https:\/\/baralivres.ma\/index.php?rest_route=%2Fwp%2Fv2%2Fcomments&post=10750"}],"version-history":[{"count":1,"href":"https:\/\/baralivres.ma\/index.php?rest_route=\/wp\/v2\/product\/10750\/revisions"}],"predecessor-version":[{"id":10759,"href":"https:\/\/baralivres.ma\/index.php?rest_route=\/wp\/v2\/product\/10750\/revisions\/10759"}],"wp:featuredmedia":[{"embeddable":true,"href":"https:\/\/baralivres.ma\/index.php?rest_route=\/wp\/v2\/media\/10753"}],"wp:attachment":[{"href":"https:\/\/baralivres.ma\/index.php?rest_route=%2Fwp%2Fv2%2Fmedia&parent=10750"}],"wp:term":[{"taxonomy":"product_cat","embeddable":true,"href":"https:\/\/baralivres.ma\/index.php?rest_route=%2Fwp%2Fv2%2Fproduct_cat&post=10750"},{"taxonomy":"product_tag","embeddable":true,"href":"https:\/\/baralivres.ma\/index.php?rest_route=%2Fwp%2Fv2%2Fproduct_tag&post=10750"}],"curies":[{"name":"wp","href":"https:\/\/api.w.org\/{rel}","templated":true}]}}