{"id":10747,"date":"2023-08-28T16:48:42","date_gmt":"2023-08-28T15:48:42","guid":{"rendered":"https:\/\/baralivres.ma\/?post_type=product&#038;p=10747"},"modified":"2024-10-29T18:22:28","modified_gmt":"2024-10-29T17:22:28","slug":"decors-et-gommettes-cars","status":"publish","type":"product","link":"https:\/\/baralivres.ma\/?product=decors-et-gommettes-cars","title":{"rendered":"D\u00e9cors et gommettes Cars"},"content":{"rendered":"<p>Des gommettes pour d\u00e9corer ses affaires et s&rsquo;amuser ! Une pochette de 40 gommettes de toutes les voitures de l&rsquo;univers Cars, \u00e0 utiliser sur 4 d\u00e9cors pour inventer ses propres histoires. Une fa\u00e7on ludique et cr\u00e9ative de solliciter l&rsquo;imaginaire, la concentration et le calme des enfants.<\/p>\n","protected":false},"excerpt":{"rendered":"<p>Des gommettes pour d\u00e9corer ses affaires et s\u2019amuser.<\/p>\n<p>&nbsp;<\/p>\n","protected":false},"featured_media":10748,"comment_status":"open","ping_status":"closed","template":"","meta":{"inline_featured_image":false},"product_cat":[215,200],"product_tag":[],"class_list":{"0":"post-10747","1":"product","2":"type-product","3":"status-publish","4":"has-post-thumbnail","6":"product_cat-enfant","7":"product_cat-activites","9":"first","10":"instock","11":"shipping-taxable","12":"purchasable","13":"product-type-simple"},"_links":{"self":[{"href":"https:\/\/baralivres.ma\/index.php?rest_route=\/wp\/v2\/product\/10747","targetHints":{"allow":["GET"]}}],"collection":[{"href":"https:\/\/baralivres.ma\/index.php?rest_route=\/wp\/v2\/product"}],"about":[{"href":"https:\/\/baralivres.ma\/index.php?rest_route=\/wp\/v2\/types\/product"}],"replies":[{"embeddable":true,"href":"https:\/\/baralivres.ma\/index.php?rest_route=%2Fwp%2Fv2%2Fcomments&post=10747"}],"version-history":[{"count":1,"href":"https:\/\/baralivres.ma\/index.php?rest_route=\/wp\/v2\/product\/10747\/revisions"}],"predecessor-version":[{"id":10749,"href":"https:\/\/baralivres.ma\/index.php?rest_route=\/wp\/v2\/product\/10747\/revisions\/10749"}],"wp:featuredmedia":[{"embeddable":true,"href":"https:\/\/baralivres.ma\/index.php?rest_route=\/wp\/v2\/media\/10748"}],"wp:attachment":[{"href":"https:\/\/baralivres.ma\/index.php?rest_route=%2Fwp%2Fv2%2Fmedia&parent=10747"}],"wp:term":[{"taxonomy":"product_cat","embeddable":true,"href":"https:\/\/baralivres.ma\/index.php?rest_route=%2Fwp%2Fv2%2Fproduct_cat&post=10747"},{"taxonomy":"product_tag","embeddable":true,"href":"https:\/\/baralivres.ma\/index.php?rest_route=%2Fwp%2Fv2%2Fproduct_tag&post=10747"}],"curies":[{"name":"wp","href":"https:\/\/api.w.org\/{rel}","templated":true}]}}